{"id":9782,"date":"2019-02-20T15:53:21","date_gmt":"2019-02-20T14:53:21","guid":{"rendered":"https:\/\/www.terresens.com\/?page_id=9782"},"modified":"2025-10-17T11:22:49","modified_gmt":"2025-10-17T10:22:49","slug":"marques-2","status":"publish","type":"page","link":"https:\/\/www.terresens.com\/fr\/le-groupe-2\/marques-2\/","title":{"rendered":"Filiales et Marques"},"content":{"rendered":"<p>[vc_row][vc_column][vc_column_text]<\/p>\n<h3><span style=\"color: #444444;\">D\u00e9couvrez ci-dessous les marques et filiales du groupe Terr\u00e9sens.<br \/>\n<\/span><\/h3>\n<p>&nbsp;<\/p>\n<p>[\/vc_column_text][\/vc_column][\/vc_row][vc_row][vc_column][vc_column_text]<\/p>\n<h2 style=\"text-align: center;\"><span class=\"cta\">Les marques du groupe Terr\u00e9sens<\/span><\/h2>\n<p>[\/vc_column_text][\/vc_column][\/vc_row][vc_row gap=\u00a0\u00bb35&Prime;][vc_column width=\u00a0\u00bb1\/2&Prime;][vc_column_text]<\/p>\n<p style=\"text-align: justify;\"><span style=\"color: #444444;\"><img loading=\"lazy\" decoding=\"async\" class=\"wp-image-16203 size-medium aligncenter\" src=\"https:\/\/www.terresens.com\/wp-content\/uploads\/2020\/07\/thr-250x250.jpg\" alt=\"\" width=\"250\" height=\"250\" srcset=\"https:\/\/www.terresens.com\/wp-content\/uploads\/2020\/07\/thr-250x250.jpg 250w, https:\/\/www.terresens.com\/wp-content\/uploads\/2020\/07\/thr-150x150.jpg 150w, https:\/\/www.terresens.com\/wp-content\/uploads\/2020\/07\/thr-120x120.jpg 120w, https:\/\/www.terresens.com\/wp-content\/uploads\/2020\/07\/thr.jpg 400w\" sizes=\"auto, (max-width: 250px) 100vw, 250px\" \/><\/span><\/p>\n<p style=\"text-align: center;\"><strong><span style=\"color: #444444;\">Terr\u00e9sens &#8211; H\u00f4tels et r\u00e9sidences :<br \/>\nLocation de biens d&rsquo;exception \u00e0 la montagne <\/span><\/strong><\/p>\n<p style=\"text-align: justify;\"><span style=\"color: #444444;\">Depuis 2013, le groupe Terr\u00e9sens dispose d\u2019une nouvelle filiale de gestion se nommant \u00ab Terr\u00e9sens Vacances \u00bb. Elle est en charge de la gestion des copropri\u00e9t\u00e9s r\u00e9sidentielles de tourisme (CRT). Depuis 2015, Terr\u00e9sens Vacances, exploit\u00e9e sous la marque de \u00ab Terr\u00e9sens &#8211; H\u00f4tels et R\u00e9sidences \u00bb (THR) g\u00e8re pour compte des propri\u00e9taires leur appartement. THR veille au bon fonctionnement de leur s\u00e9jour en s\u2019occupant du m\u00e9nage, de l\u2019entretien, du suivi technique des appartements et des parties communes.<\/span><\/p>\n<p style=\"text-align: justify;\"><span style=\"color: #444444;\">Terr\u00e9sens &#8211; H\u00f4tels et R\u00e9sidences intervient \u00e9galement aupr\u00e8s du grand public. Nous proposons des biens en location \u00e0 la montagne, id\u00e9alement situ\u00e9s et haut de gamme : appartements et chalets pour des s\u00e9jours inoubliables ! Cosy et spacieux, les biens sont localis\u00e9s dans des destinations touristiques, et disposent d\u2019une position strat\u00e9gique (centre-station, ski au pieds, vue panoramique, etc.) et b\u00e9n\u00e9ficient d\u2019une d\u00e9coration chaleureuse, authentique et raffin\u00e9e. Tout est pens\u00e9 pour que chacun se sente comme \u00e0 la maison.<\/span><\/p>\n<p style=\"text-align: justify;\"><span style=\"color: #444444;\">Retrouvez d\u2019avantages d\u2019informations sur la marque Terr\u00e9sens H\u00f4tels et R\u00e9sidences en cliquant juste <a style=\"color: #444444;\" href=\"https:\/\/www.terresens.com\/fr\/download\/brochure-msh\/\"><em><u>ici<\/u><\/em><\/a>\u00a0ou sur <em><a style=\"color: #444444;\" href=\"http:\/\/www.terresens-hr.com\">www.terresens-hr.com<\/a><\/em> !<\/span><\/p>\n<p>[\/vc_column_text][\/vc_column][vc_column width=\u00a0\u00bb1\/2&Prime;][vc_column_text]<\/p>\n<p style=\"text-align: justify;\"><span style=\"color: #444444;\"><img loading=\"lazy\" decoding=\"async\" class=\"wp-image-16179 size-medium aligncenter\" src=\"https:\/\/www.terresens.com\/wp-content\/uploads\/2020\/07\/daddy-250x250.jpg\" alt=\"\" width=\"250\" height=\"250\" srcset=\"https:\/\/www.terresens.com\/wp-content\/uploads\/2020\/07\/daddy-250x250.jpg 250w, https:\/\/www.terresens.com\/wp-content\/uploads\/2020\/07\/daddy-150x150.jpg 150w, https:\/\/www.terresens.com\/wp-content\/uploads\/2020\/07\/daddy-120x120.jpg 120w, https:\/\/www.terresens.com\/wp-content\/uploads\/2020\/07\/daddy.jpg 400w\" sizes=\"auto, (max-width: 250px) 100vw, 250px\" \/><\/span><\/p>\n<p style=\"text-align: center;\"><strong><span style=\"color: #444444;\">Daddy Pool<br \/>\n<\/span><span style=\"color: #444444;\">Une nouvelle g\u00e9n\u00e9ration d&rsquo;h\u00f4tels pour une nouvelle g\u00e9n\u00e9ration de clients !<\/span><\/strong><\/p>\n<p style=\"text-align: justify;\"><span style=\"color: #444444;\">Nouveau concept du Groupe Terr\u00e9sens, Daddy Pool exploite des petits h\u00f4tels ou des r\u00e9sidences h\u00f4teli\u00e8res en station situ\u00e9s sur des emplacements premium\u00a0: proche des remont\u00e9es m\u00e9caniques, au pied des pistes, centre-station \u2026 Daddy Pool vous accueille dans une ambiance conviviale et familiale et s\u2019adapte \u00e0 une large client\u00e8le.<\/span><\/p>\n<p style=\"text-align: justify;\"><span style=\"color: #444444;\">Une nouvelle g\u00e9n\u00e9ration d\u2019h\u00f4tel pens\u00e9e pour une nouvelle g\u00e9n\u00e9ration de clients\u00a0: tel est le concept de Daddy Pool\u00a0! \u00a0<\/span><\/p>\n<p style=\"text-align: justify;\"><span style=\"color: #444444;\">Le principe est de proposer des appartements h\u00f4teliers compos\u00e9s d\u2019un sas, d\u2019une suite h\u00f4teli\u00e8re junior et de l\u2019autre c\u00f4t\u00e9 une suite h\u00f4teli\u00e8re master poss\u00e9dant une cuisine et un dortoir. L\u2019id\u00e9e \u00e9tant de louer ses 2 espaces ensemble ou s\u00e9par\u00e9ment permettant ainsi l\u2019accueil d\u2019un vaste panel de client\u00e8le.<\/span><\/p>\n<p style=\"text-align: justify;\"><span style=\"color: #444444;\">Confort et hospitalit\u00e9, chaleur et s\u00e9r\u00e9nit\u00e9 se conjuguent \u00e0 la douceur de vivre en mode Daddy Pool pour des vacances m\u00e9morables\u00a0!<\/span><\/p>\n<p style=\"text-align: justify;\"><span style=\"color: #444444;\">Retrouvez d\u2019avantages d\u2019informations sur le concept Daddy Pool en cliquant<\/span><em> <a href=\"http:\/\/www.terresens.com\/landing\/daddy-pool\/\"><u>ici<\/u><\/a> <\/em><span style=\"color: #444444;\">ou en t\u00e9l\u00e9chargeant<\/span><em> <a href=\"https:\/\/www.terresens.com\/fr\/download\/plaquette-daddy-pool\/\">la brochure<\/a>.<\/em><span style=\"color: #444444;\"><br \/>\n<\/span><\/p>\n<p>[\/vc_column_text][\/vc_column][\/vc_row][vc_row gap=\u00a0\u00bb35&Prime;][vc_column][vc_column_text]<\/p>\n<h2 style=\"text-align: center;\"><span class=\"cta\">Les filiales du groupe Terr\u00e9sens<\/span><\/h2>\n<p>[\/vc_column_text][\/vc_column][\/vc_row][vc_row gap=\u00a0\u00bb35&Prime;][vc_column width=\u00a0\u00bb1\/2&Prime;][vc_column_text]<\/p>\n<p style=\"text-align: center;\"><strong><img loading=\"lazy\" decoding=\"async\" class=\"alignnone wp-image-16173 size-medium\" src=\"https:\/\/www.terresens.com\/wp-content\/uploads\/2020\/07\/606-250x250.jpg\" alt=\"\" width=\"250\" height=\"250\" srcset=\"https:\/\/www.terresens.com\/wp-content\/uploads\/2020\/07\/606-250x250.jpg 250w, https:\/\/www.terresens.com\/wp-content\/uploads\/2020\/07\/606-150x150.jpg 150w, https:\/\/www.terresens.com\/wp-content\/uploads\/2020\/07\/606-120x120.jpg 120w, https:\/\/www.terresens.com\/wp-content\/uploads\/2020\/07\/606.jpg 400w\" sizes=\"auto, (max-width: 250px) 100vw, 250px\" \/><\/strong><\/p>\n<p style=\"text-align: center;\"><strong>\u00ab\u00a0606 Valorisations\u00a0\u00bb\u00a0:<\/strong><strong><br \/>\nFiliale de portage du groupe Terr\u00e9sens. <\/strong><\/p>\n<p style=\"text-align: justify;\">Afin de valoriser son c\u0153ur de m\u00e9tier, \u00e0 savoir la promotion immobili\u00e8re, le groupe Terr\u00e9sens a cr\u00e9\u00e9 la filiale \u00ab\u00a0606 Valorisations\u00a0\u00bb.<\/p>\n<p style=\"text-align: justify;\">Elle permet au Groupe de financer et porter ses op\u00e9rations immobili\u00e8res en montagne. \u00ab\u00a0606 Valorisations\u00a0\u00bb portera jusqu&rsquo;\u00e0 30%\u00a0des programmes immobiliers initi\u00e9s par le Groupe, gr\u00e2ce \u00e0 une lev\u00e9e de dettes de 68 millions d\u2019euros.<\/p>\n<p style=\"text-align: justify;\">Cette filiale conforte la strat\u00e9gie de Terr\u00e9sens, \u00e0 savoir le d\u00e9veloppement de lits chauds dans les Alpes.<\/p>\n<p>[\/vc_column_text][\/vc_column][vc_column width=\u00a0\u00bb1\/2&Prime;][vc_column_text]<\/p>\n<p style=\"text-align: center;\"><span style=\"color: #444444;\"><strong><span style=\"color: #444444;\"><img loading=\"lazy\" decoding=\"async\" class=\"wp-image-16185 size-medium aligncenter\" src=\"https:\/\/www.terresens.com\/wp-content\/uploads\/2020\/07\/financi\u00e8re-250x250.jpg\" alt=\"\" width=\"250\" height=\"250\" srcset=\"https:\/\/www.terresens.com\/wp-content\/uploads\/2020\/07\/financi\u00e8re-250x250.jpg 250w, https:\/\/www.terresens.com\/wp-content\/uploads\/2020\/07\/financi\u00e8re-150x150.jpg 150w, https:\/\/www.terresens.com\/wp-content\/uploads\/2020\/07\/financi\u00e8re-120x120.jpg 120w, https:\/\/www.terresens.com\/wp-content\/uploads\/2020\/07\/financi\u00e8re.jpg 400w\" sizes=\"auto, (max-width: 250px) 100vw, 250px\" \/><\/span><\/strong><\/span><\/p>\n<p style=\"text-align: center;\"><span style=\"color: #444444;\"><strong><span style=\"color: #444444;\">Terr\u00e9sens Financi\u00e8re :\u00a0<\/span><\/strong><br \/>\n<strong><span style=\"color: #444444;\">Filiale\u00a0du groupe Terr\u00e9sens<\/span><\/strong><br \/>\n<\/span><\/p>\n<p style=\"text-align: justify;\">Terr\u00e9sens Financi\u00e8re est la filiale de financement des op\u00e9rations immobili\u00e8res du Groupe.<\/p>\n<p style=\"text-align: justify;\">Elle mobilise des fonds aupr\u00e8s d\u2019un club d\u2019investisseurs avertis, priv\u00e9s ou institutionnels, pour les r\u00e9investir dans les tours de table des op\u00e9rations de promotion immobili\u00e8re initi\u00e9es par le Groupe.<\/p>\n<p style=\"text-align: justify;\">L\u2019entr\u00e9e de Terr\u00e9sens Financi\u00e8re dans les soci\u00e9t\u00e9s de promotion est s\u00e9curis\u00e9e gr\u00e2ce \u00e0 l\u2019atteinte des 50% de la commercialisation, la validation des co\u00fbts travaux, le cr\u00e9dit travaux et la garantie financi\u00e8re d\u2019ach\u00e8vement obtenus. Les investisseurs obligataires b\u00e9n\u00e9ficient d\u2019un taux de r\u00e9mun\u00e9ration attractif\u00a0: 10% fixe plus 5% en fonction de la r\u00e9ussite de l\u2019op\u00e9ration.<\/p>\n<p>[\/vc_column_text][\/vc_column][\/vc_row][vc_row gap=\u00a0\u00bb35&Prime;][vc_column width=\u00a0\u00bb1\/2&Prime;][vc_column_text]<\/p>\n<p style=\"text-align: center;\"><strong><span style=\"color: #444444;\"><img decoding=\"async\" class=\"size-medium wp-image-11905 aligncenter\" src=\"https:\/\/www.terresens.com\/wp-content\/uploads\/2019\/05\/IMMOE-FILIALE-SITE-250x250.png\" alt=\"\" \/><\/span><\/strong><\/p>\n<p style=\"text-align: center;\"><strong><span style=\"color: #444444;\"><img loading=\"lazy\" decoding=\"async\" class=\"wp-image-16191 size-medium aligncenter\" src=\"https:\/\/www.terresens.com\/wp-content\/uploads\/2020\/07\/immo\u00e9-250x250.jpg\" alt=\"\" width=\"250\" height=\"250\" srcset=\"https:\/\/www.terresens.com\/wp-content\/uploads\/2020\/07\/immo\u00e9-250x250.jpg 250w, https:\/\/www.terresens.com\/wp-content\/uploads\/2020\/07\/immo\u00e9-150x150.jpg 150w, https:\/\/www.terresens.com\/wp-content\/uploads\/2020\/07\/immo\u00e9-120x120.jpg 120w, https:\/\/www.terresens.com\/wp-content\/uploads\/2020\/07\/immo\u00e9.jpg 400w\" sizes=\"auto, (max-width: 250px) 100vw, 250px\" \/><\/span><\/strong><\/p>\n<p style=\"text-align: center;\"><strong><span style=\"color: #444444;\">Immo\u00e9 :<br \/>\nFiliale de commercialisation du Groupe Terr\u00e9sens<br \/>\n<\/span><\/strong><\/p>\n<p style=\"text-align: justify;\">Immo\u00e9, filiale du groupe Terr\u00e9sens, commercialise les programmes immobiliers neufs : appartements et chalets.<\/p>\n<p style=\"text-align: justify;\">Le Groupe op\u00e8re dans les Alpes fran\u00e7aises, avec ses propres consultants immobiliers et son r\u00e9seau de partenaires (r\u00e9seaux bancaires, grands r\u00e9seaux, conseillers en gestion de patrimoines).<\/p>\n<p style=\"text-align: justify;\">Pour g\u00e9rer la commercialisation de ses r\u00e9sidences, Immo\u00e9 est \u00e9galement en charge du marketing, de la vente et du back office.<\/p>\n<p>[\/vc_column_text][\/vc_column][vc_column width=\u00a0\u00bb1\/2&Prime;][vc_column_text]<\/p>\n<p style=\"text-align: center;\"><strong><span style=\"color: #444444;\"><img loading=\"lazy\" decoding=\"async\" class=\"wp-image-16197 size-medium aligncenter\" src=\"https:\/\/www.terresens.com\/wp-content\/uploads\/2020\/07\/portugal-250x250.jpg\" alt=\"\" width=\"250\" height=\"250\" srcset=\"https:\/\/www.terresens.com\/wp-content\/uploads\/2020\/07\/portugal-250x250.jpg 250w, https:\/\/www.terresens.com\/wp-content\/uploads\/2020\/07\/portugal-150x150.jpg 150w, https:\/\/www.terresens.com\/wp-content\/uploads\/2020\/07\/portugal-120x120.jpg 120w, https:\/\/www.terresens.com\/wp-content\/uploads\/2020\/07\/portugal.jpg 400w\" sizes=\"auto, (max-width: 250px) 100vw, 250px\" \/><\/span><\/strong><\/p>\n<p style=\"text-align: center;\"><strong><span style=\"color: #444444;\">Terr\u00e9sens Portugal :<br \/>\n<\/span><span style=\"color: #444444;\">Filiale du Groupe Terr\u00e9sens<br \/>\n<\/span><\/strong><\/p>\n<p style=\"text-align: justify;\">Terr\u00e9sens Portugal est une filiale portugaise du groupe Terr\u00e9sens cr\u00e9\u00e9e en 2017. Elle est d\u00e9tenue par le Groupe \u00e0 70%.<\/p>\n<p style=\"text-align: justify;\">Cette filiale investit dans le d\u00e9veloppement de projets touristiques situ\u00e9s au Portugal. Elle a en charge la promotion, la construction et la gestion des r\u00e9sidences.<\/p>\n<p>[\/vc_column_text][\/vc_column][\/vc_row][vc_row][vc_column width=\u00a0\u00bb1\/2&Prime;][vc_column_text]<\/p>\n<p style=\"text-align: center;\"><strong><span style=\"color: #444444;\"><img loading=\"lazy\" decoding=\"async\" class=\"alignnone wp-image-16209 size-medium\" src=\"https:\/\/www.terresens.com\/wp-content\/uploads\/2020\/07\/vacances-250x250.jpg\" alt=\"\" width=\"250\" height=\"250\" srcset=\"https:\/\/www.terresens.com\/wp-content\/uploads\/2020\/07\/vacances-250x250.jpg 250w, https:\/\/www.terresens.com\/wp-content\/uploads\/2020\/07\/vacances-150x150.jpg 150w, https:\/\/www.terresens.com\/wp-content\/uploads\/2020\/07\/vacances-120x120.jpg 120w, https:\/\/www.terresens.com\/wp-content\/uploads\/2020\/07\/vacances.jpg 400w\" sizes=\"auto, (max-width: 250px) 100vw, 250px\" \/><\/span><\/strong><\/p>\n<p style=\"text-align: center;\"><strong><span style=\"color: #444444;\">Terr\u00e9sens Vacances :<br \/>\nFiliale de gestion du Groupe Terr\u00e9sens<\/span><\/strong><\/p>\n<p style=\"text-align: justify;\">Elle exploite ses r\u00e9sidences (Copropri\u00e9t\u00e9s R\u00e9sidentielles de Tourisme) sous la marque de \u00ab\u00a0Terr\u00e9sens &#8211; H\u00f4tels et R\u00e9sidences\u00a0\u00bb. Terr\u00e9sens &#8211; H\u00f4tels et R\u00e9sidences, assure la gestion et la commercialisation de s\u00e9jours de biens immobiliers d&rsquo;exception \u00e0 la montagne.<\/p>\n<p class=\"waves-effect waves-light btn with-arrow Card-more\" style=\"text-align: center;\"><span style=\"color: #ffffff;\"><a style=\"color: #ffffff;\" href=\"https:\/\/www.terresens.com\/fr\/terresens-vacances\/\">en savoir plus<\/a><\/span><\/p>\n<p>[\/vc_column_text][\/vc_column][vc_column width=\u00a0\u00bb1\/2&Prime;][\/vc_column][\/vc_row][vc_row][vc_column][vc_empty_space height=\u00a0\u00bb110px\u00a0\u00bb][vc_column_text]<\/p>\n<h2 style=\"text-align: center;\"><span class=\"cta\">L&rsquo;organigramme du Groupe<\/span><\/h2>\n<p>[\/vc_column_text][vc_single_image image=\u00a0\u00bb34784&Prime; img_size=\u00a0\u00bb3508 \u00d7 2480&Prime; alignment=\u00a0\u00bbcenter\u00a0\u00bb][\/vc_column][\/vc_row]<\/p>\n","protected":false},"excerpt":{"rendered":"[vc_row][vc_column][vc_column_text] D\u00e9couvrez ci-dessous les marques et filiales du groupe Terr\u00e9sens. &nbsp; [\/vc_column_text][\/vc_column][\/vc_row][vc_row][vc_column][vc_column_text] Les marques du groupe Terr\u00e9sens [\/vc_column_text][\/vc_column][\/vc_row][vc_row gap=\u00a0\u00bb35&Prime;][vc_column width=\u00a0\u00bb1\/2&Prime;][vc_column_text] Terr\u00e9sens &#8211; H\u00f4tels et r\u00e9sidences : Location de biens d&rsquo;exception \u00e0 la montagne Depuis 2013, le groupe Terr\u00e9sens dispose d\u2019une nouvelle filiale de gestion se nommant \u00ab Terr\u00e9sens Vacances \u00bb. Elle est en charge de\u2026","protected":false},"author":18,"featured_media":10189,"parent":12,"menu_order":51,"comment_status":"closed","ping_status":"closed","template":"","meta":{"footnotes":""},"class_list":["post-9782","page","type-page","status-publish","has-post-thumbnail","hentry"],"acf":[],"_links":{"self":[{"href":"https:\/\/www.terresens.com\/fr\/wp-json\/wp\/v2\/pages\/9782","targetHints":{"allow":["GET"]}}],"collection":[{"href":"https:\/\/www.terresens.com\/fr\/wp-json\/wp\/v2\/pages"}],"about":[{"href":"https:\/\/www.terresens.com\/fr\/wp-json\/wp\/v2\/types\/page"}],"author":[{"embeddable":true,"href":"https:\/\/www.terresens.com\/fr\/wp-json\/wp\/v2\/users\/18"}],"replies":[{"embeddable":true,"href":"https:\/\/www.terresens.com\/fr\/wp-json\/wp\/v2\/comments?post=9782"}],"version-history":[{"count":66,"href":"https:\/\/www.terresens.com\/fr\/wp-json\/wp\/v2\/pages\/9782\/revisions"}],"predecessor-version":[{"id":34790,"href":"https:\/\/www.terresens.com\/fr\/wp-json\/wp\/v2\/pages\/9782\/revisions\/34790"}],"up":[{"embeddable":true,"href":"https:\/\/www.terresens.com\/fr\/wp-json\/wp\/v2\/pages\/12"}],"wp:featuredmedia":[{"embeddable":true,"href":"https:\/\/www.terresens.com\/fr\/wp-json\/wp\/v2\/media\/10189"}],"wp:attachment":[{"href":"https:\/\/www.terresens.com\/fr\/wp-json\/wp\/v2\/media?parent=9782"}],"curies":[{"name":"wp","href":"https:\/\/api.w.org\/{rel}","templated":true}]}}