{"id":933,"date":"2016-04-01T11:07:17","date_gmt":"2016-04-01T10:07:17","guid":{"rendered":"http:\/\/terresens.pilot-in.net\/?page_id=933"},"modified":"2016-04-29T10:53:58","modified_gmt":"2016-04-29T09:53:58","slug":"merci","status":"publish","type":"page","link":"https:\/\/www.terresens.com\/fr\/merci\/","title":{"rendered":"Merci de votre int\u00e9r\u00eat"},"content":{"rendered":"<p>Nous prendrons contact avec vous d\u00e8s que possible.<\/p>\n","protected":false},"excerpt":{"rendered":"Nous prendrons contact avec vous d\u00e8s que possible.","protected":false},"author":18,"featured_media":0,"parent":0,"menu_order":90,"comment_status":"closed","ping_status":"closed","template":"template-merci.php","meta":{"footnotes":""},"class_list":["post-933","page","type-page","status-publish","hentry"],"acf":[],"_links":{"self":[{"href":"https:\/\/www.terresens.com\/fr\/wp-json\/wp\/v2\/pages\/933","targetHints":{"allow":["GET"]}}],"collection":[{"href":"https:\/\/www.terresens.com\/fr\/wp-json\/wp\/v2\/pages"}],"about":[{"href":"https:\/\/www.terresens.com\/fr\/wp-json\/wp\/v2\/types\/page"}],"author":[{"embeddable":true,"href":"https:\/\/www.terresens.com\/fr\/wp-json\/wp\/v2\/users\/18"}],"replies":[{"embeddable":true,"href":"https:\/\/www.terresens.com\/fr\/wp-json\/wp\/v2\/comments?post=933"}],"version-history":[{"count":2,"href":"https:\/\/www.terresens.com\/fr\/wp-json\/wp\/v2\/pages\/933\/revisions"}],"predecessor-version":[{"id":1208,"href":"https:\/\/www.terresens.com\/fr\/wp-json\/wp\/v2\/pages\/933\/revisions\/1208"}],"wp:attachment":[{"href":"https:\/\/www.terresens.com\/fr\/wp-json\/wp\/v2\/media?parent=933"}],"curies":[{"name":"wp","href":"https:\/\/api.w.org\/{rel}","templated":true}]}}