{"id":363,"date":"2016-02-29T17:26:44","date_gmt":"2016-02-29T16:26:44","guid":{"rendered":"http:\/\/terresens.pilot-in.net\/?page_id=363"},"modified":"2022-03-11T10:10:23","modified_gmt":"2022-03-11T09:10:23","slug":"terresens-vacances","status":"publish","type":"page","link":"https:\/\/www.terresens.com\/fr\/terresens-vacances\/","title":{"rendered":"Terr\u00e9sens Vacances"},"content":{"rendered":"<h2 style=\"text-align: justify;\"><span style=\"color: #2d749c;\"><strong>Terr\u00e9sens Vacances :\u00a0la filiale d\u2019exploitation \/ gestion du groupe Terr\u00e9sens\u00a0<\/strong><\/span><\/h2>\n<p style=\"text-align: justify;\">Terr\u00e9sens Vacances est en charge de la gestion des Copropri\u00e9t\u00e9s R\u00e9sidentielles de Tourisme (CRT) r\u00e9alis\u00e9es par le groupe Terr\u00e9sens. La CRT s\u2019adresse \u00e0 des propri\u00e9taires souhaitant rentabiliser leur r\u00e9sidence par une mise location saisonni\u00e8re \u00e0 leur convenance \u2026. Tout en se laissant la possibilit\u00e9 d\u2019en profiter selon leurs souhaits pendant leurs vacances\u2026\u2026Et tout cela bien s\u00fbr, sans avoir les contraintes de l\u2019ancien mod\u00e8le de gestion en R\u00e9sidence de Tourisme.<\/p>\n<p style=\"text-align: justify;\">Une double mission pour Terr\u00e9sens Vacances :<\/p>\n<ul style=\"text-align: justify;\">\n<li>&#8211; Veiller au bon fonctionnement des r\u00e9sidences : entretien des appartements \/ villas et des parties communes<\/li>\n<li>&#8211; Veiller au remplissage des r\u00e9sidences<\/li>\n<\/ul>\n<h3>Un service de conciergerie personnalis\u00e9 pour les propri\u00e9taires<\/h3>\n<p style=\"text-align: justify;\">Terr\u00e9sens Vacances offre un service exclusif de conciergerie apportant un soutien \u00e0 360\u00b0 au propri\u00e9taire par le biais de sa carte Ultimate :<br \/>\n&#8211; Transferts a\u00e9roport \/ gare vers r\u00e9sidence<br \/>\n&#8211; Mise en place des effets personnels<br \/>\n&#8211; Baby-sitter<br \/>\n&#8211; M\u00e9nage durant les s\u00e9jours<br \/>\n&#8211; Cuisinier \u00e0 domicile<br \/>\n&#8211; Ski avec un champion<br \/>\n&#8211; R\u00e9servation de forfaits, mat\u00e9riel de ski, cours de ski, activit\u00e9s &#8230;<\/p>\n<h3 style=\"text-align: justify;\"><\/h3>\n<h3 style=\"text-align: justify;\">Terr\u00e9sens H\u00f4tels et R\u00e9sidences<\/h3>\n<p style=\"text-align: justify;\">Terr\u00e9sens H\u00f4tels et R\u00e9sidences (THR) est la marque commerciale de Terr\u00e9sens Vacances : <a href=\"http:\/\/terresens-msh.com\/\">d\u00e9couvrez le site<\/a><\/p>\n<p style=\"text-align: justify;\">Terr\u00e9sens H\u00f4tels et R\u00e9sidences est implant\u00e9 en montagne dans de grands domaines skiables (Vaujany,\u00a0 La Rosi\u00e8re, La Plagne, Combloux &#8230;) et \u00e0 la mer (Cannes, Beausoleil). THR poursuit son d\u00e9veloppement \u00e0 l&rsquo;international avec le programme <a href=\"https:\/\/www.terresens.com\/fr\/programmes-immobiliers\/investir-a-comporta-reserve\/\" target=\"_blank\" rel=\"noopener noreferrer\">\u00ab\u00a0La R\u00e9serve\u00a0\u00bb \u00a0\u00e0 Comporta-Carvalhal (Portugal).<\/a><\/p>\n<p><a href=\"http:\/\/www.terresens.com\/wp-content\/uploads\/2016\/02\/TERRESENS-VACANCES.png\"><img loading=\"lazy\" decoding=\"async\" class=\"wp-image-4279 size-medium aligncenter\" src=\"http:\/\/www.terresens.com\/wp-content\/uploads\/2016\/02\/TERRESENS-VACANCES-250x172.png\" alt=\"\" width=\"250\" height=\"172\" srcset=\"https:\/\/www.terresens.com\/wp-content\/uploads\/2016\/02\/TERRESENS-VACANCES-250x172.png 250w, https:\/\/www.terresens.com\/wp-content\/uploads\/2016\/02\/TERRESENS-VACANCES-768x529.png 768w, https:\/\/www.terresens.com\/wp-content\/uploads\/2016\/02\/TERRESENS-VACANCES-700x482.png 700w, https:\/\/www.terresens.com\/wp-content\/uploads\/2016\/02\/TERRESENS-VACANCES-120x83.png 120w\" sizes=\"auto, (max-width: 250px) 100vw, 250px\" \/><\/a><img loading=\"lazy\" decoding=\"async\" class=\"wp-image-16203 size-medium aligncenter\" src=\"https:\/\/www.terresens.com\/wp-content\/uploads\/2020\/07\/thr-250x250.jpg\" alt=\"\" width=\"250\" height=\"250\" srcset=\"https:\/\/www.terresens.com\/wp-content\/uploads\/2020\/07\/thr-250x250.jpg 250w, https:\/\/www.terresens.com\/wp-content\/uploads\/2020\/07\/thr-150x150.jpg 150w, https:\/\/www.terresens.com\/wp-content\/uploads\/2020\/07\/thr-120x120.jpg 120w, https:\/\/www.terresens.com\/wp-content\/uploads\/2020\/07\/thr.jpg 400w\" sizes=\"auto, (max-width: 250px) 100vw, 250px\" \/><\/p>\n","protected":false},"excerpt":{"rendered":"Terr\u00e9sens Vacances :\u00a0la filiale d\u2019exploitation \/ gestion du groupe Terr\u00e9sens\u00a0 Terr\u00e9sens Vacances est en charge de la gestion des Copropri\u00e9t\u00e9s R\u00e9sidentielles de Tourisme (CRT) r\u00e9alis\u00e9es par le groupe Terr\u00e9sens. La CRT s\u2019adresse \u00e0 des propri\u00e9taires souhaitant rentabiliser leur r\u00e9sidence par une mise location saisonni\u00e8re \u00e0 leur convenance \u2026. Tout en se laissant la possibilit\u00e9 d\u2019en\u2026","protected":false},"author":18,"featured_media":4278,"parent":0,"menu_order":132,"comment_status":"closed","ping_status":"closed","template":"","meta":{"footnotes":""},"class_list":["post-363","page","type-page","status-publish","has-post-thumbnail","hentry"],"acf":[],"_links":{"self":[{"href":"https:\/\/www.terresens.com\/fr\/wp-json\/wp\/v2\/pages\/363","targetHints":{"allow":["GET"]}}],"collection":[{"href":"https:\/\/www.terresens.com\/fr\/wp-json\/wp\/v2\/pages"}],"about":[{"href":"https:\/\/www.terresens.com\/fr\/wp-json\/wp\/v2\/types\/page"}],"author":[{"embeddable":true,"href":"https:\/\/www.terresens.com\/fr\/wp-json\/wp\/v2\/users\/18"}],"replies":[{"embeddable":true,"href":"https:\/\/www.terresens.com\/fr\/wp-json\/wp\/v2\/comments?post=363"}],"version-history":[{"count":7,"href":"https:\/\/www.terresens.com\/fr\/wp-json\/wp\/v2\/pages\/363\/revisions"}],"predecessor-version":[{"id":22816,"href":"https:\/\/www.terresens.com\/fr\/wp-json\/wp\/v2\/pages\/363\/revisions\/22816"}],"wp:featuredmedia":[{"embeddable":true,"href":"https:\/\/www.terresens.com\/fr\/wp-json\/wp\/v2\/media\/4278"}],"wp:attachment":[{"href":"https:\/\/www.terresens.com\/fr\/wp-json\/wp\/v2\/media?parent=363"}],"curies":[{"name":"wp","href":"https:\/\/api.w.org\/{rel}","templated":true}]}}