{"id":27,"date":"2016-02-17T16:10:44","date_gmt":"2016-02-17T15:10:44","guid":{"rendered":"http:\/\/terresens.pilot-in.net\/?page_id=27"},"modified":"2022-02-28T16:37:03","modified_gmt":"2022-02-28T15:37:03","slug":"developpement-durable","status":"publish","type":"page","link":"https:\/\/www.terresens.com\/fr\/developpement-durable\/","title":{"rendered":"D\u00e9veloppement durable"},"content":{"rendered":"<p>[vc_row][vc_column][vc_column_text]<\/p>\n<h2>Les programmes immobiliers Terr\u00e9sens et le d\u00e9veloppement durable<\/h2>\n<p>[\/vc_column_text][\/vc_column][\/vc_row][vc_row][vc_column][vc_column_text]<\/p>\n<h3><span style=\"color: #b2e21e;\"><span style=\"color: #2d749c;\">Investir dans des programmes immobiliers<\/span><br \/>\n<\/span><\/h3>\n<p style=\"text-align: justify;\">Les produits immobiliers sont aujourd&rsquo;hui l&rsquo;investissement pr\u00e9f\u00e9r\u00e9 des fran\u00e7ais. Il\u00a0constitue l&rsquo;un des placements les plus s\u00fbrs pour se constituer un capital et d\u00e9velopper son patrimoine.<\/p>\n<p style=\"text-align: justify;\">Investir dans un programme immobilier est une d\u00e9marche durable et responsable pour penser\u00a0l&rsquo;avenir de fa\u00e7on p\u00e9renne : pr\u00e9parer sa retraite ou encore assurer l&rsquo;avenir de ses enfants.<\/p>\n<h3><span style=\"color: #2d749c;\">Des programmes immobiliers durables et responsables<\/span><\/h3>\n<p style=\"text-align: justify;\">Nos programmes immobiliers s&rsquo;int\u00e8grent \u00e0 l&rsquo;urbanisme et l&rsquo;architecture environnante. De la conception \u00e0 la r\u00e9alisation, les mat\u00e9riaux utilis\u00e9s sont nobles et r\u00e9pondent \u00e0 des imp\u00e9ratifs de d\u00e9veloppement durable. Nous nous engageons \u00e0 trouver des solutions innovantes pour lutter contre le r\u00e9chauffement climatique, de la conception, en passant par la construction jusqu\u2019\u00e0 l\u2019exploitation<\/p>\n<ul>\n<li><strong>Des normes de constructions nos nouvelles r\u00e9sidences\u00a0<\/strong><\/li>\n<\/ul>\n<p style=\"text-align: justify;\">L\u2019ensemble de nos r\u00e9sidences int\u00e8grent les normes actuelles (RT2012, C15-100, DTU, accessibilit\u00e9 hand, acoustique, sismique\u2026). Les nouveaux projets d\u00e9velopp\u00e9s sur 2022 int\u00e8greront la RE2020. Les apports solaires naturels sont favoris\u00e9s d\u00e8s la conception. La production de chauffage et d\u2019eau chaude sanitaire est r\u00e9alis\u00e9e par des chaudi\u00e8res collectives au rendement (bois ou gaz naturel). Nous travaillons \u00e9galement sur la maitrise des consommations d\u2019eau (limiteur de pression, r\u00e9ducteur de d\u00e9bit, r\u00e9tention des eaux pluviales). Pour favoriser l\u2019usage des v\u00e9hicules \u00e9lectriques, nos r\u00e9sidences sont \u00e9quip\u00e9es en base de bornes de recharge IRVE 22 Kwatt<\/p>\n<ul>\n<li><strong>Les mat\u00e9riaux utilis\u00e9s pour nos r\u00e9sidences<br \/>\n<\/strong><\/li>\n<\/ul>\n<p style=\"text-align: justify;\">Pour la durabilit\u00e9 des b\u00e2timents, la construction en b\u00e9ton et bois est privil\u00e9gi\u00e9e avec une enveloppe thermique par l\u2019ext\u00e9rieur pour minimiser les consommations d\u2019\u00e9nergie. Pour le traitement des bois et la peinture, nous utilisons des lasures ainsi que des peintures sans solvant.<\/p>\n<ul>\n<li><strong>L\u2019approvisionnement lors de la construction<br \/>\n<\/strong><\/li>\n<\/ul>\n<p style=\"text-align: justify;\">Les constructions de montagne n\u00e9cessitent une quantit\u00e9 importante de bois (structure, charpente, bardage, parquet, lambris, cuisine\u2026). Nous sommes donc attentifs \u00e0 la provenance des bois utilis\u00e9s dans nos constructions en privil\u00e9giant les essences venant de France ou d\u2019Europe (Epic\u00e9a, sapin du Nord). Aussi, les traitements d\u2019usine (\u00e9tuvage, thermo-trait\u00e9) favorisent la p\u00e9rennit\u00e9 du mat\u00e9riau et permettent de r\u00e9duire l\u2019usage des lasures pour l\u2019entretien courant. Lors des terrassements, les solutions \u00ab <em>local station<\/em> \u00bb sont privil\u00e9gi\u00e9es pour les d\u00e9blais, afin de limiter les transports vers les vall\u00e9es et r\u00e9duire l\u2019empreinte carbone. Dans ces objectifs \u00e9galement, nous privil\u00e9gions les entreprises locales pour r\u00e9duire l\u2019impact carbone des entreprises travaillant sur nos chantiers.<\/p>\n<ul>\n<li><strong>Le traitement et le recyclage de nos d\u00e9chets<\/strong><\/li>\n<\/ul>\n<p style=\"text-align: justify;\">Le tri est impos\u00e9 sur tous les chantiers. Si cela est possible, les terrassements sont retravaill\u00e9s sur site pour permettre une r\u00e9utilisation (chaulage, concassage&#8230;).<\/p>\n<p>[\/vc_column_text][\/vc_column][\/vc_row][vc_row][vc_column][vc_single_image image=\u00a0\u00bb1317&Prime; img_size=\u00a0\u00bblarge\u00a0\u00bb alignment=\u00a0\u00bbcenter\u00a0\u00bb][\/vc_column][\/vc_row]<\/p>\n","protected":false},"excerpt":{"rendered":"[vc_row][vc_column][vc_column_text] Les programmes immobiliers Terr\u00e9sens et le d\u00e9veloppement durable [\/vc_column_text][\/vc_column][\/vc_row][vc_row][vc_column][vc_column_text] Investir dans des programmes immobiliers Les produits immobiliers sont aujourd&rsquo;hui l&rsquo;investissement pr\u00e9f\u00e9r\u00e9 des fran\u00e7ais. Il\u00a0constitue l&rsquo;un des placements les plus s\u00fbrs pour se constituer un capital et d\u00e9velopper son patrimoine. Investir dans un programme immobilier est une d\u00e9marche durable et responsable pour penser\u00a0l&rsquo;avenir de fa\u00e7on\u2026","protected":false},"author":18,"featured_media":0,"parent":0,"menu_order":46,"comment_status":"closed","ping_status":"closed","template":"","meta":{"footnotes":""},"class_list":["post-27","page","type-page","status-publish","hentry"],"acf":[],"_links":{"self":[{"href":"https:\/\/www.terresens.com\/fr\/wp-json\/wp\/v2\/pages\/27","targetHints":{"allow":["GET"]}}],"collection":[{"href":"https:\/\/www.terresens.com\/fr\/wp-json\/wp\/v2\/pages"}],"about":[{"href":"https:\/\/www.terresens.com\/fr\/wp-json\/wp\/v2\/types\/page"}],"author":[{"embeddable":true,"href":"https:\/\/www.terresens.com\/fr\/wp-json\/wp\/v2\/users\/18"}],"replies":[{"embeddable":true,"href":"https:\/\/www.terresens.com\/fr\/wp-json\/wp\/v2\/comments?post=27"}],"version-history":[{"count":14,"href":"https:\/\/www.terresens.com\/fr\/wp-json\/wp\/v2\/pages\/27\/revisions"}],"predecessor-version":[{"id":22629,"href":"https:\/\/www.terresens.com\/fr\/wp-json\/wp\/v2\/pages\/27\/revisions\/22629"}],"wp:attachment":[{"href":"https:\/\/www.terresens.com\/fr\/wp-json\/wp\/v2\/media?parent=27"}],"curies":[{"name":"wp","href":"https:\/\/api.w.org\/{rel}","templated":true}]}}