{"id":243,"date":"2016-02-26T15:03:31","date_gmt":"2016-02-26T14:03:31","guid":{"rendered":"http:\/\/terresens.pilot-in.net\/?page_id=243"},"modified":"2024-10-09T13:27:44","modified_gmt":"2024-10-09T12:27:44","slug":"mentions-legales","status":"publish","type":"page","link":"https:\/\/www.terresens.com\/fr\/mentions-legales\/","title":{"rendered":"Mentions L\u00e9gales"},"content":{"rendered":"<p style=\"text-align: justify;\">[vc_row][vc_column][vc_column_text]<\/p>\n<h3 style=\"text-align: justify;\"><span style=\"color: #36789e;\"><strong>Mentions l\u00e9gales<\/strong><\/span><\/h3>\n<ol style=\"text-align: justify;\">\n<li><span style=\"color: #36789e;\"><strong> Editeur<\/strong><\/span><\/li>\n<\/ol>\n<p style=\"text-align: justify;\">Le site <a href=\"http:\/\/www.terresens.com\/\">www.terresens.com<\/a> est \u00e9dit\u00e9 par TERRESENS au capital de 4 000 000 \u20ac dont le si\u00e8ge social est 19bis place Tolozan 69001 LYON France, immatricul\u00e9e au RCS de Lyon sous le num\u00e9ro 501 580 211.<br \/>\nT\u00e9l: + 33 (0) 4 72 14 07 14<br \/>\nFax : + 33 (0) 4 78 24 65 61<\/p>\n<p style=\"text-align: justify;\">Directeur de la r\u00e9daction : Floriane DAVAL<br \/>\nAdresse e-mail de contact :\u00a0<a href=\"mailto:servicepresse@terresens.com\">servicepresse@terresens.com<\/a><\/p>\n<p style=\"text-align: justify;\">Ce site est h\u00e9berg\u00e9 par OVH, SAS au capital de 50 000 000 \u20ac, dont le si\u00e8ge social est 2 rue Kellermann, 59 100 Roubaix, France, immatricul\u00e9e au RCS de la ville de Roubaix \u2013 Tourcoing sous le num\u00e9ro 424 761\u00a0419.<br \/>\nT\u00e9l: + 33 (0) 8 99 70 17 61<br \/>\nFax : + 33 (0) 3 20 20 70 20<\/p>\n<ol style=\"text-align: justify;\" start=\"2\">\n<li><span style=\"color: #36789e;\"><strong> D\u00e9clarations CNIL<\/strong><\/span><\/li>\n<\/ol>\n<p style=\"text-align: justify;\">Le pr\u00e9sent site a \u00e9t\u00e9 d\u00e9clar\u00e9 aupr\u00e8s de la CNIL pour les traitements des donn\u00e9es personnelles et nominatives.<\/p>\n<p style=\"text-align: justify;\">Les donn\u00e9es personnelles recueillies sur le site servent \u00e0 des fins de gestion des demandes, de prospection internes \u00e0 la soci\u00e9t\u00e9 TERRESENS. N\u00e9anmoins, les informations recueillies aupr\u00e8s des personnes peuvent faire l\u2019objet d\u2019une cession \u00e0 des partenaires de TERRESENS. Dans ce cas, les internautes en sont pr\u00e9alablement inform\u00e9s et sont libres de s\u2019y opposer.<\/p>\n<p style=\"text-align: justify;\">Conform\u00e9ment aux dispositions de la loi \u00ab Informatique et Libert\u00e9s \u00bb n\u00b0 78-17 du 6 janvier 1978, vous disposez \u00e0 tout moment d\u2019un droit d\u2019acc\u00e8s aux informations personnelles vous concernant et d\u00e9tenues par TERRESENS et \u00e9galement d\u2019un droit de modification, de rectification et de suppression de ces donn\u00e9es, en envoyant votre demande \u00e0 l\u2019une des adresses suivantes :\u00a0<a href=\"mailto:servicepresse@terresens.com\">servicepresse@terresens.com<\/a> ou TERRESENS, 19bis place Tolozan, 69001 Lyon.<\/p>\n<ol style=\"text-align: justify;\" start=\"3\">\n<li><span style=\"color: #36789e;\"><strong> Respect des droits de propri\u00e9t\u00e9 intellectuelle<\/strong><\/span><\/li>\n<\/ol>\n<p style=\"text-align: justify;\">L\u2019ensemble du contenu du site (architecture, textes, photos, illustrations et logiciels\u2026) est la propri\u00e9t\u00e9 de TERRESENS. En effet le site de TERRESENS rel\u00e8ve de la l\u00e9gislation fran\u00e7aise et internationale sur le droit d\u2019auteur et la propri\u00e9t\u00e9 intellectuelle. Tous les droits de reproduction sont r\u00e9serv\u00e9s.<\/p>\n<p style=\"text-align: justify;\">Nous attirons l\u2019attention des visiteurs sur le fait que des musiques, des photos ou des signes particuliers peuvent \u00e9galement constituer des droits de propri\u00e9t\u00e9 intellectuelle. Les marques et logos utilis\u00e9s sur ce site ont \u00e9t\u00e9 d\u00e9pos\u00e9s, leur reproduction constituerait une contrefa\u00e7on.<\/p>\n<p style=\"text-align: justify;\">Conform\u00e9ment \u00e0 l\u2019article L. 122-4 du code de la propri\u00e9t\u00e9 intellectuelle toute repr\u00e9sentation ou reproduction non express\u00e9ment autoris\u00e9e, int\u00e9grale ou partielle et par quelque proc\u00e9d\u00e9 que ce soit serait illicite et constituerait une contrefa\u00e7on sanctionn\u00e9e par trois ans d\u2019emprisonnement et 300 000 \u20ac d\u2019amende selon les articles L. 335-2 et suivants du code de la propri\u00e9t\u00e9 intellectuelle.<\/p>\n<ol style=\"text-align: justify;\" start=\"4\">\n<li><span style=\"color: #36789e;\"><strong> Liens avec d\u2019autres sites<\/strong><\/span><\/li>\n<\/ol>\n<p style=\"text-align: justify;\">Afin de faciliter l\u2019acc\u00e8s \u00e0 d\u2019autres sites susceptibles d\u2019apporter un compl\u00e9ment d\u2019information, TERRESENS a ins\u00e9r\u00e9 dans son Site un certain nombre de liens. N\u00e9anmoins, la responsabilit\u00e9 de TERRESENS ne saurait \u00eatre engag\u00e9e au titre d\u2019un site tiers auquel vous aurez acc\u00e8s via notre Site, \u00e9tant donn\u00e9 que ces sites sont ind\u00e9pendants du site de TERRESENS et TERRESENS ne contr\u00f4le ni le contenu, ni les sources de ces sites, ni encore leurs liens vers d\u2019autres sites.<\/p>\n<p style=\"text-align: justify;\"><em>Rentabilit\u00e9 jusqu&rsquo;\u00e0 5.30% : rentabilit\u00e9 brute HT sur prix de l&rsquo;immobilier seul HT<\/em><\/p>\n<h3 style=\"text-align: justify;\"><span style=\"color: #36789e;\"><strong>Politique de protection des donn\u00e9es \u00e0 caract\u00e8re personnel <\/strong><\/span><\/h3>\n<p style=\"text-align: justify;\">Notre politique d\u00e9crit les types de donn\u00e9es \u00e0 caract\u00e8re personnel que TERRESENS est susceptible de collecter ainsi que la mani\u00e8re dont l\u2019entreprise peut \u00eatre amen\u00e9e \u00e0 les utiliser.<\/p>\n<p style=\"text-align: justify;\">Toutes les op\u00e9rations sur vos donn\u00e9es \u00e0 caract\u00e8re personnel sont r\u00e9alis\u00e9es dans le respect de la r\u00e9glementation en vigueur et notamment de la loi n\u00b078-17 \u00ab\u00a0Informatique, Fichiers et Libert\u00e9s\u00a0\u00bb du 6 janvier 1978 et du r\u00e8glement europ\u00e9en 2016\/679 du 27 avril 2016 \u00ab\u00a0r\u00e8glement g\u00e9n\u00e9ral sur la protection des donn\u00e9es).<\/p>\n<p style=\"text-align: justify;\">La politique fait partie int\u00e9grante des Conditions g\u00e9n\u00e9rales d\u2019utilisation du Site dont l\u2019usager d\u00e9clare avoir pris connaissance.<\/p>\n<ul>\n<li><span style=\"color: #36789e;\"><strong>1. Identit\u00e9 du responsable de traitement <\/strong><\/span><\/li>\n<\/ul>\n<p style=\"text-align: justify;\">Dans le cadre du traitement de vos donn\u00e9es personnelles via le site, celle-ci sont collect\u00e9es par la Soci\u00e9t\u00e9 TERRESENS dont le si\u00e8ge est situ\u00e9 au 19bis, place Tolozan, 69001\u00a0 Lyon.<\/p>\n<ul>\n<li><span style=\"color: #36789e;\"><strong>2. Collecte et utilisation des donn\u00e9es \u00e0 caract\u00e8re personnel<\/strong><\/span><\/li>\n<\/ul>\n<p style=\"text-align: justify;\">La notion de \u00ab\u00a0donn\u00e9es \u00e0 caract\u00e8re personnel\u00a0\u00bb d\u00e9signe toute information relative \u00e0 une personne physique identifi\u00e9e ou qui peut \u00eatre identifi\u00e9e, directement ou indirectement, par r\u00e9f\u00e9rence \u00e0 un num\u00e9ro d\u2019identification ou \u00e0 un ou plusieurs \u00e9l\u00e9ments qui lui sont propres.<\/p>\n<p style=\"text-align: justify;\">Seules les donn\u00e9es suivantes sont susceptibles d\u2019\u00eatre recueillis et trait\u00e9e par l\u2019entreprise TERRESENS dans un unique but de performance commerciale avec nos clients\u00a0:<\/p>\n<ul>\n<li>Nom \/ Pr\u00e9nom<\/li>\n<li>T\u00e9l\u00e9phone<\/li>\n<li>Mail<\/li>\n<li>Code postal<\/li>\n<\/ul>\n<p style=\"text-align: justify;\">Ces donn\u00e9es peuvent \u00eatre collect\u00e9es via\u00a0:<\/p>\n<ul style=\"text-align: justify;\">\n<li>Notre site internet<\/li>\n<li>Les sites immobiliers partenaires<\/li>\n<\/ul>\n<p style=\"text-align: justify;\">Dans le cas ou vous ne souhaitez pas fournir \u00e0 l\u2019entreprise TERRESENS de telles informations, vous ne pourrez \u00e9ventuellement pas acc\u00e9der \u00e0 certains services ou fonctionnalit\u00e9s du site.<\/p>\n<p style=\"text-align: justify;\">La soci\u00e9t\u00e9 TERRESENS prendra toutes mesures utiles pour que les donn\u00e9es \u00e0 caract\u00e8re personnel trait\u00e9es soient exactes.<strong>\u00a0<\/strong><\/p>\n<ul>\n<li><span style=\"color: #36789e;\"><strong>3. Finalit\u00e9s de traitement des donn\u00e9es \u00e0 caract\u00e8re personnel<\/strong><\/span><\/li>\n<\/ul>\n<p style=\"text-align: justify;\">La soci\u00e9t\u00e9 TERRESENS s\u2019engage \u00e0 ne collecter les donn\u00e9es personnelles de ses visiteurs que pour des finalit\u00e9s pr\u00e9cises, explicites et l\u00e9gitimes et \u00e0 les traiter dans le respect des finalit\u00e9s \u00e9nonc\u00e9es dans le pr\u00e9sent document.<\/p>\n<p style=\"text-align: justify;\">A cet \u00e9gard, les donn\u00e9es personnelles pourront \u00eatre collect\u00e9es dans le but d\u2019\u00e9tablir une communication avec le client lors de nouveaux lancements commerciaux et offres sp\u00e9ciales par mail.<\/p>\n<p style=\"text-align: justify;\">La Soci\u00e9t\u00e9 TERRESENS s\u2019engage par ailleurs \u00e0 ne traiter que des donn\u00e9es personnelles qui sont ad\u00e9quates, pertinentes et non excessives au regard des finalit\u00e9s pour lesquelles elles sont collect\u00e9es.<\/p>\n<ul>\n<li><span style=\"color: #36789e;\"><strong>4. Destinataires et Sous-traitance des donn\u00e9es \u00e0 caract\u00e8re personnel<\/strong><\/span><\/li>\n<\/ul>\n<p style=\"text-align: justify;\">La Soci\u00e9t\u00e9 TERRESENS peut avoir recours \u00e0 des sous-traitants pour le traitement de tout ou partie des donn\u00e9es \u00e0 caract\u00e8re personnel dans la limite n\u00e9cessaire \u00e0 l\u2019accomplissement de leurs prestations.<\/p>\n<p style=\"text-align: justify;\">Par ailleurs, les donn\u00e9es personnelles sont stock\u00e9es sur le territoire fran\u00e7ais et ne font pas l\u2019objet d\u2019un transfert hors de l\u2019Union Europ\u00e9enne.<\/p>\n<p style=\"text-align: justify;\">La soci\u00e9t\u00e9 TERRESENS peut \u00eatre amen\u00e9 \u00e0 transmettre vos donn\u00e9es \u00e0 caract\u00e8re personnel sans votre accord pr\u00e9alable afin de se conformer \u00e0 une exigence l\u00e9gale. A ce titre, vous acceptez que la soci\u00e9t\u00e9 TERRESENS puisse transmettre des Donn\u00e9es \u00e0 Caract\u00e8re Personnel si elle qu\u2019il est n\u00e9cessaire de le faire afin de se conformer \u00e0 une assignation judiciaire, un mandat, jugement ou ordonnance, ou \u00e0 une autorit\u00e9 comp\u00e9tente dans le cadre d\u2019une mission d\u2019enqu\u00eate particuli\u00e8re ou dans le cadre de l\u2019exercice d\u2019un int\u00e9r\u00eat l\u00e9gitime et notamment de la d\u00e9fense de ses droits.<\/p>\n<ul>\n<li><strong><span style=\"color: #36789e;\">5. Dur\u00e9e et conservation des donn\u00e9es \u00e0 caract\u00e8re personnel<\/span><\/strong><\/li>\n<\/ul>\n<p style=\"text-align: justify;\">La Soci\u00e9t\u00e9 TERRESENS traite et conserve les donn\u00e9es \u00e0 caract\u00e8re personnel dans un environnement s\u00e9curis\u00e9 pendant la dur\u00e9e n\u00e9cessaire \u00e0 la r\u00e9alisation des finalit\u00e9s pour lesquelles elles ont \u00e9t\u00e9 collect\u00e9es.<\/p>\n<ul>\n<li><span style=\"color: #36789e;\"><strong>6. Droit d\u2019acc\u00e8s, de rectification, d\u2019opposition, de limitation <\/strong><\/span><\/li>\n<\/ul>\n<p style=\"text-align: justify;\"><strong>\u00a0<\/strong>Votre consentement peut \u00eatre retir\u00e9 \u00e0 tout moment sans remettre en cause la lic\u00e9\u00eft\u00e9 initiale de l\u2019utilisation de vos donn\u00e9es.<\/p>\n<p style=\"text-align: justify;\">Nous vous rappelons que vous avez la possibilit\u00e9 \u00e0 tout moment de vous d\u00e9sabonner de notre newsletter, lors de la diffusion de cette derni\u00e8re en cliquant sur le lien indiquer \u00ab\u00a0Se d\u00e9sabonner\u00a0\u00bb.<\/p>\n<p style=\"text-align: justify;\">Vous disposez d\u2019un droit d\u2019acc\u00e8s, de rectification des donn\u00e9es erron\u00e9es vous concernant, d\u2019opposition, de suppression de certaines de vos donn\u00e9es et d\u2019en faire limiter l\u2019usage ou de solliciter leur portabilit\u00e9 en vue de leur transmission \u00e0 un tiers.<\/p>\n<p style=\"text-align: justify;\">Pour ce faire, vous pouvez adresser une demande \u00e0 notre d\u00e9l\u00e9gu\u00e9 \u00e0 la Protection des donn\u00e9es par mail \u00e0 <a href=\"mailto:dpo@terresens.com\">dpo@terresens.com<\/a> ou Terr\u00e9sens 19bis place Tolozan 69001 Lyon<\/p>\n<p style=\"text-align: justify;\">Pour toute information compl\u00e9mentaire ou difficult\u00e9 relative \u00e0 l\u2019utilisation de vos donn\u00e9es, vous pouvez contacter notre d\u00e9l\u00e9gu\u00e9 \u00e0 la protection des donn\u00e9es par courriel\u00a0: <a href=\"mailto:dpo@terresens.com\">dpo@terresens.com<\/a><\/p>\n<p style=\"text-align: justify;\">En cas de difficult\u00e9 non r\u00e9solue nous vous rappelons que vous pouvez saisir une autorit\u00e9 de contr\u00f4le comp\u00e9tente.<\/p>\n<p style=\"text-align: justify;\">Cr\u00e9dits photos La Rosi\u00e8re : @manureyboz<\/p>\n<p style=\"text-align: justify;\">[\/vc_column_text][\/vc_column][\/vc_row]<\/p>\n<p style=\"text-align: justify;\">\n","protected":false},"excerpt":{"rendered":"[vc_row][vc_column][vc_column_text] Mentions l\u00e9gales Editeur Le site www.terresens.com est \u00e9dit\u00e9 par TERRESENS au capital de 4 000 000 \u20ac dont le si\u00e8ge social est 19bis place Tolozan 69001 LYON France, immatricul\u00e9e au RCS de Lyon sous le num\u00e9ro 501 580 211. T\u00e9l: + 33 (0) 4 72 14 07 14 Fax : + 33 (0) 4\u2026","protected":false},"author":18,"featured_media":0,"parent":0,"menu_order":88,"comment_status":"closed","ping_status":"closed","template":"","meta":{"footnotes":""},"class_list":["post-243","page","type-page","status-publish","hentry"],"acf":[],"_links":{"self":[{"href":"https:\/\/www.terresens.com\/fr\/wp-json\/wp\/v2\/pages\/243","targetHints":{"allow":["GET"]}}],"collection":[{"href":"https:\/\/www.terresens.com\/fr\/wp-json\/wp\/v2\/pages"}],"about":[{"href":"https:\/\/www.terresens.com\/fr\/wp-json\/wp\/v2\/types\/page"}],"author":[{"embeddable":true,"href":"https:\/\/www.terresens.com\/fr\/wp-json\/wp\/v2\/users\/18"}],"replies":[{"embeddable":true,"href":"https:\/\/www.terresens.com\/fr\/wp-json\/wp\/v2\/comments?post=243"}],"version-history":[{"count":11,"href":"https:\/\/www.terresens.com\/fr\/wp-json\/wp\/v2\/pages\/243\/revisions"}],"predecessor-version":[{"id":1688,"href":"https:\/\/www.terresens.com\/fr\/wp-json\/wp\/v2\/pages\/243\/revisions\/1688"}],"wp:attachment":[{"href":"https:\/\/www.terresens.com\/fr\/wp-json\/wp\/v2\/media?parent=243"}],"curies":[{"name":"wp","href":"https:\/\/api.w.org\/{rel}","templated":true}]}}