{"id":18,"date":"2016-02-17T16:06:43","date_gmt":"2016-02-17T15:06:43","guid":{"rendered":"http:\/\/terresens.pilot-in.net\/?page_id=18"},"modified":"2022-04-21T13:30:50","modified_gmt":"2022-04-21T12:30:50","slug":"mecenat-sportif","status":"publish","type":"page","link":"https:\/\/www.terresens.com\/fr\/mecenat-sportif\/","title":{"rendered":"M\u00e9c\u00e9nat sportif"},"content":{"rendered":"<p>[vc_row][vc_column width=\u00a0\u00bb2\/3&Prime;][vc_column_text]<\/p>\n<p style=\"text-align: justify;\">D\u00e8s la cr\u00e9ation de Terr\u00e9sens, G\u00e9raud Cornillon, Pr\u00e9sident du Groupe, a souhait\u00e9 sponsoriser des jeunes sportifs de haut-niveau. Ainsi, depuis 2014, Terr\u00e9sens est le sponsor officiel de L\u2019\u00c9quipe de France jeunes juniors de ski alpin. Soutien humain, technique mais aussi financier, le Groupe immobilier permet \u00e0 ces sportifs d\u2019effectuer des stages d\u2019entrainement dans des conditions optimales, et ainsi leur permettre d\u2019atteindre un niveau afin qu\u2019ils deviennent les champions de demain. Ce sponsoring permet aux jeunes skieurs de r\u00e9aliser plusieurs stages et entrainements organis\u00e9s par la <strong>F\u00e9d\u00e9ration Fran\u00e7aise de Ski<\/strong>, afin de les pr\u00e9parer aux comp\u00e9titions.<\/p>\n<p style=\"text-align: justify;\">Impliqu\u00e9 localement dans les stations o\u00f9 le Groupe d\u00e9veloppe des r\u00e9sidences, Terr\u00e9sens s\u2019engage \u00e9galement aux c\u00f4t\u00e9s de clubs de ski comme les 2 Alpes ou Combloux, afin de leur apporter un soutien financier.<\/p>\n<p style=\"text-align: justify;\">Nouveaut\u00e9 en 2022, le Groupe a choisi de diversifier ses actions de sponsoring, en accompagnant de nouvelles disciplines qui \u00e9mergent, telles que le monde du cyclisme. Dans ce cadre-l\u00e0, le Groupe accompagne un acteur r\u00e9gional, le <strong>Corbas Lyon M\u00e9tropole<\/strong>. Ce soutien permettra notamment au club d\u2019acc\u00e9l\u00e9rer son d\u00e9veloppement, \u00e0 la fois sur le plan sportif avec des calendriers ambitieux et sur le plan social, o\u00f9 le club compte multiplier les initiatives.<\/p>\n<p>[\/vc_column_text][vc_empty_space][vc_empty_space][\/vc_column][\/vc_row][vc_row][vc_column][vc_gallery interval=\u00a0\u00bb3&Prime; images=\u00a0\u00bb22566,22546,22542&Prime; img_size=\u00a0\u00bbfull\u00a0\u00bb][\/vc_column][\/vc_row]<\/p>\n","protected":false},"excerpt":{"rendered":"[vc_row][vc_column width=\u00a0\u00bb2\/3&Prime;][vc_column_text] D\u00e8s la cr\u00e9ation de Terr\u00e9sens, G\u00e9raud Cornillon, Pr\u00e9sident du Groupe, a souhait\u00e9 sponsoriser des jeunes sportifs de haut-niveau. Ainsi, depuis 2014, Terr\u00e9sens est le sponsor officiel de L\u2019\u00c9quipe de France jeunes juniors de ski alpin. Soutien humain, technique mais aussi financier, le Groupe immobilier permet \u00e0 ces sportifs d\u2019effectuer des stages d\u2019entrainement dans\u2026","protected":false},"author":18,"featured_media":4941,"parent":0,"menu_order":87,"comment_status":"closed","ping_status":"closed","template":"","meta":{"footnotes":""},"class_list":["post-18","page","type-page","status-publish","has-post-thumbnail","hentry"],"acf":[],"_links":{"self":[{"href":"https:\/\/www.terresens.com\/fr\/wp-json\/wp\/v2\/pages\/18","targetHints":{"allow":["GET"]}}],"collection":[{"href":"https:\/\/www.terresens.com\/fr\/wp-json\/wp\/v2\/pages"}],"about":[{"href":"https:\/\/www.terresens.com\/fr\/wp-json\/wp\/v2\/types\/page"}],"author":[{"embeddable":true,"href":"https:\/\/www.terresens.com\/fr\/wp-json\/wp\/v2\/users\/18"}],"replies":[{"embeddable":true,"href":"https:\/\/www.terresens.com\/fr\/wp-json\/wp\/v2\/comments?post=18"}],"version-history":[{"count":16,"href":"https:\/\/www.terresens.com\/fr\/wp-json\/wp\/v2\/pages\/18\/revisions"}],"predecessor-version":[{"id":23063,"href":"https:\/\/www.terresens.com\/fr\/wp-json\/wp\/v2\/pages\/18\/revisions\/23063"}],"wp:featuredmedia":[{"embeddable":true,"href":"https:\/\/www.terresens.com\/fr\/wp-json\/wp\/v2\/media\/4941"}],"wp:attachment":[{"href":"https:\/\/www.terresens.com\/fr\/wp-json\/wp\/v2\/media?parent=18"}],"curies":[{"name":"wp","href":"https:\/\/api.w.org\/{rel}","templated":true}]}}