{"id":17669,"date":"2021-01-29T15:14:10","date_gmt":"2021-01-29T14:14:10","guid":{"rendered":"https:\/\/www.terresens.com\/?page_id=17669"},"modified":"2025-03-25T17:22:40","modified_gmt":"2025-03-25T16:22:40","slug":"les-realisations-de-terresens","status":"publish","type":"page","link":"https:\/\/www.terresens.com\/fr\/les-realisations-de-terresens\/","title":{"rendered":"Les r\u00e9alisations de Terr\u00e9sens"},"content":{"rendered":"<header class=\"page-header\">\n<div class=\"taxonomy-description\">\n<p style=\"text-align: justify;\">Vous retrouverez ci-dessous des exemples de nos r\u00e9alisations. Pour ces r\u00e9sidences, Terr\u00e9sens est <strong>intervenu de A \u00e0 Z dans le projet<\/strong>, du d\u00e9veloppement \u00e0 la promotion, en passant par la commercialisation.<\/p>\n<p style=\"text-align: justify;\">Pour les propri\u00e9taires qui le souhaitent, <span style=\"color: #2d749c;\"><strong><a style=\"color: #2d749c; text-decoration: underline;\" href=\"http:\/\/terresens-msh.com\">Terr\u00e9sens-H\u00f4tels &amp; R\u00e9sidences,<\/a><\/strong><\/span>(<strong>filiale du groupe)<\/strong> g\u00e8re la mise en location saisonni\u00e8re de leurs appartements.<\/p>\n<p style=\"text-align: justify;\">La d\u00e9coration apport\u00e9e dans les r\u00e9sidences se veut \u00eatre le reflet du Groupe, \u00e0 travers des <strong>prestations qualitatives<\/strong>. Un soin particulier est apport\u00e9 \u00e0 l\u2019ameublement des parties communes ; celles-ci sont compos\u00e9es d\u2019un mobilier de caract\u00e8re, chin\u00e9 afin de sublimer ces lieux de passage.<\/p>\n<p style=\"text-align: justify;\"><strong>\u00c0 la montagne<\/strong>, le\u00a0mobilier traditionnel, recherch\u00e9 par les clients, est pr\u00e9serv\u00e9 tout en \u00e9tant revisit\u00e9 avec une\u00a0touche de modernit\u00e9. Les mat\u00e9riaux naturels tels que la pierre, le bois, l\u2019ardoise\u2026 apportent une <strong>authenticit\u00e9<\/strong>. L\u2019esprit cocooning est <strong>privil\u00e9gi\u00e9<\/strong>, afin que les <strong>propri\u00e9taires<\/strong> se sentent comme \u00e0 la maison.<\/p>\n<p style=\"text-align: justify;\">Le choix des mat\u00e9riaux est pens\u00e9 de telle sorte qu\u2019ils restent intemporels et de <strong>grande qualit\u00e9<\/strong>.\u00a0 L\u2018\u00e9quipe veille au mariage des tons et des mati\u00e8res (bois\/pierres) pour que chaque d\u00e9tail de la r\u00e9sidence soit unique.<\/p>\n<p style=\"text-align: justify;\">Les appartements des r\u00e9sidences sont <strong>enti\u00e8rement \u00e9quip\u00e9s<\/strong> afin de r\u00e9pondre aux besoins des r\u00e9sidents. Du choix de l\u2019emplacement \u00e0 l\u2019am\u00e9nagement int\u00e9rieur, tout est pens\u00e9 pour <strong>optimiser le bien-\u00eatre et la satisfaction des clients.<\/strong><\/p>\n<\/div>\n<p style=\"text-align: justify;\">Nous remercions les photographes Manu Reyboz, Andrew Clifforth, Franck Paubel et tous ceux qui ont contribu\u00e9 \u00e0 capturer nos r\u00e9sidences en exploitation. Gr\u00e2ce \u00e0 leur talent et \u00e0 leur regard expert, nous disposons de jolis clich\u00e9s mettant en valeur chaque lieu avec <strong>justesse et \u00e9l\u00e9gance !<\/strong><\/p>\n<\/header>\n","protected":false},"excerpt":{"rendered":"Vous retrouverez ci-dessous des exemples de nos r\u00e9alisations. Pour ces r\u00e9sidences, Terr\u00e9sens est intervenu de A \u00e0 Z dans le projet, du d\u00e9veloppement \u00e0 la promotion, en passant par la commercialisation. Pour les propri\u00e9taires qui le souhaitent, Terr\u00e9sens-H\u00f4tels &amp; R\u00e9sidences,(filiale du groupe) g\u00e8re la mise en location saisonni\u00e8re de leurs appartements. La d\u00e9coration apport\u00e9e dans\u2026","protected":false},"author":18,"featured_media":0,"parent":0,"menu_order":79,"comment_status":"closed","ping_status":"closed","template":"template-realisation.php","meta":{"footnotes":""},"class_list":["post-17669","page","type-page","status-publish","hentry"],"acf":[],"_links":{"self":[{"href":"https:\/\/www.terresens.com\/fr\/wp-json\/wp\/v2\/pages\/17669","targetHints":{"allow":["GET"]}}],"collection":[{"href":"https:\/\/www.terresens.com\/fr\/wp-json\/wp\/v2\/pages"}],"about":[{"href":"https:\/\/www.terresens.com\/fr\/wp-json\/wp\/v2\/types\/page"}],"author":[{"embeddable":true,"href":"https:\/\/www.terresens.com\/fr\/wp-json\/wp\/v2\/users\/18"}],"replies":[{"embeddable":true,"href":"https:\/\/www.terresens.com\/fr\/wp-json\/wp\/v2\/comments?post=17669"}],"version-history":[{"count":22,"href":"https:\/\/www.terresens.com\/fr\/wp-json\/wp\/v2\/pages\/17669\/revisions"}],"predecessor-version":[{"id":32018,"href":"https:\/\/www.terresens.com\/fr\/wp-json\/wp\/v2\/pages\/17669\/revisions\/32018"}],"wp:attachment":[{"href":"https:\/\/www.terresens.com\/fr\/wp-json\/wp\/v2\/media?parent=17669"}],"curies":[{"name":"wp","href":"https:\/\/api.w.org\/{rel}","templated":true}]}}