{"id":15471,"date":"2020-04-06T12:09:59","date_gmt":"2020-04-06T11:09:59","guid":{"rendered":"https:\/\/www.terresens.com\/?page_id=15471"},"modified":"2020-04-08T14:41:42","modified_gmt":"2020-04-08T13:41:42","slug":"prendre-le-temps-de-se-connaitre-episode-1","status":"publish","type":"page","link":"https:\/\/www.terresens.com\/fr\/prendre-le-temps-de-se-connaitre-episode-1\/","title":{"rendered":"Prendre le temps de se conna\u00eetre \u2013 \u00c9pisode 1"},"content":{"rendered":"<h1>Prendre le temps de se conna\u00eetre &#8211; \u00c9pisode 1<br \/>\n1 Groupe, 3 Expertises<\/h1>\n<hr \/>\n<p>En cette p\u00e9riode compliqu\u00e9e et particuli\u00e8re pour tous, o\u00f9 le temps semble s\u2019\u00eatre mis sur pause, le Groupe Terr\u00e9sens (acteur majeur de l\u2019immobilier montagne) vous propose de\u00a0<strong>d\u00e9couvrir tranquillement,<\/strong>\u00a0sous forme d\u2019\u00e9pisodes envoy\u00e9s par email, ce qui fait la particularit\u00e9 de notre entreprise et de notre offre.<\/p>\n<p>Ou, dit autrement, comment notre Groupe a r\u00e9fl\u00e9chi son organisation interne et son immobilier afin d\u2019essayer de proposer et de personnaliser une offre toujours au\u00a0<strong>plus proche de l\u2019\u00e9volution du march\u00e9 et des souhaits des acqu\u00e9reurs.<\/strong><\/p>\n<h2 style=\"color: #2d749c;\"><strong>\u00c9pisode n\u00b01 :<\/strong><\/h2>\n<h4 style=\"color: #2d749c;\"><strong>1 Groupe, 3 Expertises<\/strong><\/h4>\n<p><strong style=\"color: #8cbfcc;\">Construire, vendre, g\u00e9rer<\/strong><\/p>\n<p>En d\u00e9veloppant\/construisant, commercialisant et en g\u00e9rant la mise en location saisonni\u00e8re pour les propri\u00e9taires qui le souhaitent, le Groupe Terr\u00e9sens a fait le choix de la\u00a0<strong>transversalit\u00e9 des comp\u00e9tences internes<\/strong>\u00a0concernant l\u2019immobilier montagne.<\/p>\n<p>Cette\u00a0<strong>expertise \u00e0 360\u00b0<\/strong>\u00a0nous permet d\u2019\u00eatre au plus pr\u00e8s dans la\u00a0<strong>compr\u00e9hension et l\u2019anticipation des \u00e9volutions du march\u00e9 immobilier montagne\u2026<\/strong>\u00a0Mais \u00e9galement de pouvoir\u00a0<strong>accompagner nos acqu\u00e9reurs\u00a0<\/strong>au plus proche de leurs souhaits : soit lors de leur achat immobilier neuf (personnalisations possibles selon contraintes techniques), soit lors de la mise en location saisonni\u00e8re de leur bien (libre, sans obligation et selon plusieurs solutions au choix).<\/p>\n<p>Vous trouverez via ce lien,\u00a0<a style=\"color: #2d749c; text-decoration: underline;\" href=\"https:\/\/www.terresens.com\/wp-content\/uploads\/2019\/02\/PLAQUETTE-GROUPE-TS-V6-BD.pdf\"><strong>la plaquette institutionnelle du Groupe Terr\u00e9sens<\/strong><\/a>\u00a0pr\u00e9sentant l\u2019int\u00e9gralit\u00e9 des services mis en place.<\/p>\n<p>L\u2019immobilier Montagne reste plus que jamais une\u00a0<strong>double valeur refuge<\/strong>\u00a0:<\/p>\n<ul style=\"padding-left: 40px;\">\n<li style=\"list-style-type: disc;\">Refuge patrimonial face aux al\u00e9as boursiers.<\/li>\n<li style=\"list-style-type: disc;\">Refuge familial pour se ressourcer en pleine nature avec ses proches.<\/li>\n<\/ul>\n<p>Si vous d\u00e9sirez prendre contact avec Le Groupe Terr\u00e9sens pour \u00e9tudier tranquillement la possibilit\u00e9, \u00e0 court ou moyen terme, d\u2019un projet d\u2019achat immobilier montagne, nous vous invitons\u00a0<span style=\"color: #2d749c;\"><a style=\"color: #2d749c;\" href=\"https:\/\/www.terresens.com\/fr\/contact\/\"><u>\u00e0 nous contacter.<\/u><\/a><\/span><\/p>\n<p><strong>A noter :<\/strong>\u00a0Terr\u00e9sens se propose m\u00eame de mettre en place pour vous un rendez-vous d\u2019informations d\u00e9di\u00e9 \u00e0 distance par visio-conf\u00e9rence.<\/p>\n<p>Service Clients<\/p>\n<p>Groupe Terr\u00e9sens<br \/>\n<strong>Si\u00e8ge :\u00a0<\/strong>19, place Tolozan 69001 Lyon<br \/>\n<strong>Nos autres bureaux :<\/strong>\u00a0Paris \u2013 Londres \u2013 Gen\u00e8ve \u2013 Luxembourg -Aix-les-Bains<\/p>\n<p><strong style=\"color: #2d749c;\">contact@terresens.com<br \/>\n0800 880 880<br \/>\nwww.terresens.com<\/strong><\/p>\n","protected":false},"excerpt":{"rendered":"Prendre le temps de se conna\u00eetre &#8211; \u00c9pisode 1 1 Groupe, 3 Expertises En cette p\u00e9riode compliqu\u00e9e et particuli\u00e8re pour tous, o\u00f9 le temps semble s\u2019\u00eatre mis sur pause, le Groupe Terr\u00e9sens (acteur majeur de l\u2019immobilier montagne) vous propose de\u00a0d\u00e9couvrir tranquillement,\u00a0sous forme d\u2019\u00e9pisodes envoy\u00e9s par email, ce qui fait la particularit\u00e9 de notre entreprise et\u2026","protected":false},"author":18,"featured_media":0,"parent":0,"menu_order":113,"comment_status":"closed","ping_status":"closed","template":"","meta":{"footnotes":""},"class_list":["post-15471","page","type-page","status-publish","hentry"],"acf":[],"_links":{"self":[{"href":"https:\/\/www.terresens.com\/fr\/wp-json\/wp\/v2\/pages\/15471","targetHints":{"allow":["GET"]}}],"collection":[{"href":"https:\/\/www.terresens.com\/fr\/wp-json\/wp\/v2\/pages"}],"about":[{"href":"https:\/\/www.terresens.com\/fr\/wp-json\/wp\/v2\/types\/page"}],"author":[{"embeddable":true,"href":"https:\/\/www.terresens.com\/fr\/wp-json\/wp\/v2\/users\/18"}],"replies":[{"embeddable":true,"href":"https:\/\/www.terresens.com\/fr\/wp-json\/wp\/v2\/comments?post=15471"}],"version-history":[{"count":8,"href":"https:\/\/www.terresens.com\/fr\/wp-json\/wp\/v2\/pages\/15471\/revisions"}],"predecessor-version":[{"id":15541,"href":"https:\/\/www.terresens.com\/fr\/wp-json\/wp\/v2\/pages\/15471\/revisions\/15541"}],"wp:attachment":[{"href":"https:\/\/www.terresens.com\/fr\/wp-json\/wp\/v2\/media?parent=15471"}],"curies":[{"name":"wp","href":"https:\/\/api.w.org\/{rel}","templated":true}]}}