{"id":11427,"date":"2019-05-15T16:55:02","date_gmt":"2019-05-15T15:55:02","guid":{"rendered":"https:\/\/www.terresens.com\/?page_id=11427"},"modified":"2019-05-20T17:26:55","modified_gmt":"2019-05-20T16:26:55","slug":"medias-comporta","status":"publish","type":"page","link":"https:\/\/www.terresens.com\/fr\/medias-comporta\/","title":{"rendered":"Page m\u00e9dias Comporta"},"content":{"rendered":"<p>[vc_row][vc_column][vc_single_image image=\u00a0\u00bb11429&Prime; img_size=\u00a0\u00bb1800&#215;400&Prime; alignment=\u00a0\u00bbcenter\u00a0\u00bb][\/vc_column][\/vc_row][vc_row][vc_column][vc_column_text]<\/p>\n<h2 style=\"text-align: center;\"><span style=\"color: #444444;\">M\u00c9DIATH\u00c8QUE<\/span><\/h2>\n<p style=\"text-align: center;\">Parce que des images valent mieux qu\u2019un long discours, vous trouverez ci-dessous des visuels sur le programme de LA R\u00c9SERVE (maquettes 3D, plans 3D\u2026.), la plaquette Groupe Terr\u00e9sens ainsi que le moodboard du programme, la vid\u00e9o du programme.<\/p>\n<p style=\"text-align: center;\"><small style=\"text-align: justify;\">Illustrations \u00e0 caract\u00e8re d\u2019ambiance non contractuelles. Se r\u00e9f\u00e9rer \u00e0 la notice descriptive.<\/small><\/p>\n<p>[\/vc_column_text][\/vc_column][\/vc_row][vc_row][vc_column][vc_separator border_width=\u00a0\u00bb3&Prime;][\/vc_column][\/vc_row][vc_row][vc_column][vc_empty_space height=\u00a0\u00bb20px\u00a0\u00bb][\/vc_column][\/vc_row][vc_row][vc_column width=\u00a0\u00bb2\/3&Prime;][vc_column_text]<strong>Maquette &#8211; Maison de village T4C<br \/>\n<\/strong><\/p>\n<p><img loading=\"lazy\" decoding=\"async\" width=\"200\" height=\"100\" class=\"alignnone size-full wp-image-11730\" src=\"https:\/\/www.terresens.com\/wp-content\/uploads\/2019\/05\/Maquette-C07B.jpg\" alt=\"\" srcset=\"https:\/\/www.terresens.com\/wp-content\/uploads\/2019\/05\/Maquette-C07B.jpg 200w, https:\/\/www.terresens.com\/wp-content\/uploads\/2019\/05\/Maquette-C07B-120x60.jpg 120w\" sizes=\"auto, (max-width: 200px) 100vw, 200px\" \/>[\/vc_column_text][\/vc_column][vc_column width=\u00a0\u00bb1\/3&Prime;][vc_btn title=\u00a0\u00bbVisualiser\u00a0\u00bb color=\u00a0\u00bbpink\u00a0\u00bb align=\u00a0\u00bbleft\u00a0\u00bb link=\u00a0\u00bburl:https%3A%2F%2Fwidgets.habiteo.com%2Fvue-generale%3Fid%3D509yFu2BO5nKLmldW1bjE4%26language%3D%26key%3D1g5in4DxIwu2Sjc2DJDSHJ%20||target:%20_blank|\u00a0\u00bb][\/vc_column][\/vc_row][vc_row][vc_column width=\u00a0\u00bb2\/3&Prime;][vc_column_text]<strong>Maquette &#8211; Maison de village T4B2<\/strong><\/p>\n<p><img loading=\"lazy\" decoding=\"async\" width=\"200\" height=\"100\" class=\"alignnone size-full wp-image-11736\" src=\"https:\/\/www.terresens.com\/wp-content\/uploads\/2019\/05\/Maquette-C24B.jpg\" alt=\"\" srcset=\"https:\/\/www.terresens.com\/wp-content\/uploads\/2019\/05\/Maquette-C24B.jpg 200w, https:\/\/www.terresens.com\/wp-content\/uploads\/2019\/05\/Maquette-C24B-120x60.jpg 120w\" sizes=\"auto, (max-width: 200px) 100vw, 200px\" \/>[\/vc_column_text][\/vc_column][vc_column width=\u00a0\u00bb1\/3&Prime;][vc_btn title=\u00a0\u00bbVisualiser\u00a0\u00bb color=\u00a0\u00bbpink\u00a0\u00bb align=\u00a0\u00bbleft\u00a0\u00bb link=\u00a0\u00bburl:https%3A%2F%2Fwidgets.habiteo.com%2Fvue-generale%3Fid%3DzTR1ksORXTRIxFlzPVmUK%26language%3D%26key%3D1g5in4DxIwu2Sjc2DJDSHJ%20||target:%20_blank|\u00a0\u00bb][\/vc_column][\/vc_row][vc_row][vc_column width=\u00a0\u00bb2\/3&Prime;][vc_column_text]<strong>Maquette &#8211; Maison de village T5A<\/strong><\/p>\n<p><img loading=\"lazy\" decoding=\"async\" width=\"200\" height=\"100\" class=\"alignnone size-full wp-image-11742\" src=\"https:\/\/www.terresens.com\/wp-content\/uploads\/2019\/05\/Maquette-C32B.jpg\" alt=\"\" srcset=\"https:\/\/www.terresens.com\/wp-content\/uploads\/2019\/05\/Maquette-C32B.jpg 200w, https:\/\/www.terresens.com\/wp-content\/uploads\/2019\/05\/Maquette-C32B-120x60.jpg 120w\" sizes=\"auto, (max-width: 200px) 100vw, 200px\" \/>[\/vc_column_text][\/vc_column][vc_column width=\u00a0\u00bb1\/3&Prime;][vc_btn title=\u00a0\u00bbVisualiser\u00a0\u00bb color=\u00a0\u00bbpink\u00a0\u00bb align=\u00a0\u00bbleft\u00a0\u00bb link=\u00a0\u00bburl:https%3A%2F%2Fwidgets.habiteo.com%2Fvue-generale%3Fid%3D3XNldRLS1C5pPCkPLpm0do%26language%3D%26key%3D1g5in4DxIwu2Sjc2DJDSHJ%20||target:%20_blank|\u00a0\u00bb][\/vc_column][\/vc_row][vc_row][vc_column width=\u00a0\u00bb2\/3&Prime;][vc_column_text]<strong>Maquette &#8211; Maison de village T5C<\/strong><\/p>\n<p><img loading=\"lazy\" decoding=\"async\" width=\"200\" height=\"100\" class=\"alignnone size-full wp-image-11748\" src=\"https:\/\/www.terresens.com\/wp-content\/uploads\/2019\/05\/Maquette-C48B.jpg\" alt=\"\" srcset=\"https:\/\/www.terresens.com\/wp-content\/uploads\/2019\/05\/Maquette-C48B.jpg 200w, https:\/\/www.terresens.com\/wp-content\/uploads\/2019\/05\/Maquette-C48B-120x60.jpg 120w\" sizes=\"auto, (max-width: 200px) 100vw, 200px\" \/>[\/vc_column_text][\/vc_column][vc_column width=\u00a0\u00bb1\/3&Prime;][vc_btn title=\u00a0\u00bbVisualiser\u00a0\u00bb color=\u00a0\u00bbpink\u00a0\u00bb align=\u00a0\u00bbleft\u00a0\u00bb link=\u00a0\u00bburl:https%3A%2F%2Fwidgets.habiteo.com%2Fvue-generale%3Fid%3D7rQtnHskzvaGZmgXxZsEcb%26language%3D%26key%3D1g5in4DxIwu2Sjc2DJDSHJ||target:%20_blank|\u00a0\u00bb][\/vc_column][\/vc_row][vc_row][vc_column width=\u00a0\u00bb2\/3&Prime;][vc_column_text]<strong>Maquette &#8211; Villa de prestige T4B<br \/>\n<\/strong><\/p>\n<p><img loading=\"lazy\" decoding=\"async\" width=\"200\" height=\"100\" class=\"alignnone size-full wp-image-11724\" src=\"https:\/\/www.terresens.com\/wp-content\/uploads\/2019\/05\/Maquette-A07B.jpg\" alt=\"\" srcset=\"https:\/\/www.terresens.com\/wp-content\/uploads\/2019\/05\/Maquette-A07B.jpg 200w, https:\/\/www.terresens.com\/wp-content\/uploads\/2019\/05\/Maquette-A07B-120x60.jpg 120w\" sizes=\"auto, (max-width: 200px) 100vw, 200px\" \/>[\/vc_column_text][\/vc_column][vc_column width=\u00a0\u00bb1\/3&Prime;][vc_btn title=\u00a0\u00bbVisualiser\u00a0\u00bb color=\u00a0\u00bbpink\u00a0\u00bb align=\u00a0\u00bbleft\u00a0\u00bb link=\u00a0\u00bburl:https%3A%2F%2Fwidgets.habiteo.com%2Fvue-generale%3Fid%3D1jBGmYIJojHLnnXCfad5Ug%26language%3D%26key%3D1g5in4DxIwu2Sjc2DJDSHJ||target:%20_blank|\u00a0\u00bb][\/vc_column][\/vc_row][vc_row][vc_column width=\u00a0\u00bb2\/3&Prime;][vc_column_text]<strong>Maison de village C07 &#8211; Plan 3D \/ Visite virtuelle<br \/>\n<\/strong><\/p>\n<p><img loading=\"lazy\" decoding=\"async\" width=\"200\" height=\"100\" class=\"alignnone size-full wp-image-11762\" src=\"https:\/\/www.terresens.com\/wp-content\/uploads\/2019\/05\/C07B.jpg\" alt=\"\" srcset=\"https:\/\/www.terresens.com\/wp-content\/uploads\/2019\/05\/C07B.jpg 200w, https:\/\/www.terresens.com\/wp-content\/uploads\/2019\/05\/C07B-120x60.jpg 120w\" sizes=\"auto, (max-width: 200px) 100vw, 200px\" \/>[\/vc_column_text][\/vc_column][vc_column width=\u00a0\u00bb1\/3&Prime;][vc_btn title=\u00a0\u00bbVisualiser\u00a0\u00bb color=\u00a0\u00bbpink\u00a0\u00bb align=\u00a0\u00bbleft\u00a0\u00bb link=\u00a0\u00bburl:https%3A%2F%2Fwidgets.habiteo.com%2Fplan-3d%3Fid%3D1eAiscMm1ZUDXZxmS39iNT%26key%3D1g5in4DxIwu2Sjc2DJDSHJ||target:%20_blank|\u00a0\u00bb][\/vc_column][\/vc_row][vc_row][vc_column width=\u00a0\u00bb2\/3&Prime;][vc_column_text]<strong>Maison de village T4C &#8211; Plan 3D \/ Visite virtuelle<\/strong><\/p>\n<p><img loading=\"lazy\" decoding=\"async\" width=\"200\" height=\"100\" class=\"alignnone size-full wp-image-11768\" src=\"https:\/\/www.terresens.com\/wp-content\/uploads\/2019\/05\/C24B.jpg\" alt=\"\" srcset=\"https:\/\/www.terresens.com\/wp-content\/uploads\/2019\/05\/C24B.jpg 200w, https:\/\/www.terresens.com\/wp-content\/uploads\/2019\/05\/C24B-120x60.jpg 120w\" sizes=\"auto, (max-width: 200px) 100vw, 200px\" \/>[\/vc_column_text][\/vc_column][vc_column width=\u00a0\u00bb1\/3&Prime;][vc_btn title=\u00a0\u00bbVisualiser\u00a0\u00bb color=\u00a0\u00bbpink\u00a0\u00bb align=\u00a0\u00bbleft\u00a0\u00bb link=\u00a0\u00bburl:https%3A%2F%2Fwidgets.habiteo.com%2Fplan-3d%3Fid%3D1Q7MOHrOStYHhwO77eY8cZ%26key%3D1g5in4DxIwu2Sjc2DJDSHJ||target:%20_blank|\u00a0\u00bb][\/vc_column][\/vc_row][vc_row][vc_column width=\u00a0\u00bb2\/3&Prime;][vc_column_text]<strong>Maison de village T4B2 &#8211; Plan 3D \/ Visite virtuelle<\/strong><\/p>\n<p><img loading=\"lazy\" decoding=\"async\" width=\"200\" height=\"100\" class=\"alignnone size-full wp-image-11742\" src=\"https:\/\/www.terresens.com\/wp-content\/uploads\/2019\/05\/Maquette-C32B.jpg\" alt=\"\" srcset=\"https:\/\/www.terresens.com\/wp-content\/uploads\/2019\/05\/Maquette-C32B.jpg 200w, https:\/\/www.terresens.com\/wp-content\/uploads\/2019\/05\/Maquette-C32B-120x60.jpg 120w\" sizes=\"auto, (max-width: 200px) 100vw, 200px\" \/>[\/vc_column_text][\/vc_column][vc_column width=\u00a0\u00bb1\/3&Prime;][vc_btn title=\u00a0\u00bbVisualiser\u00a0\u00bb color=\u00a0\u00bbpink\u00a0\u00bb align=\u00a0\u00bbleft\u00a0\u00bb link=\u00a0\u00bburl:https%3A%2F%2Fwidgets.habiteo.com%2Fplan-3d%3Fid%3D3JIFBcD6bFCYWkekg7vFTE%26key%3D1g5in4DxIwu2Sjc2DJDSHJ||target:%20_blank|\u00a0\u00bb][\/vc_column][\/vc_row][vc_row][vc_column width=\u00a0\u00bb2\/3&Prime;][vc_column_text]<strong>Maison de village T5C &#8211; Plan 3D \/ Visite virtuelle<\/strong><\/p>\n<p><img loading=\"lazy\" decoding=\"async\" width=\"200\" height=\"100\" class=\"alignnone size-full wp-image-11748\" src=\"https:\/\/www.terresens.com\/wp-content\/uploads\/2019\/05\/Maquette-C48B.jpg\" alt=\"\" srcset=\"https:\/\/www.terresens.com\/wp-content\/uploads\/2019\/05\/Maquette-C48B.jpg 200w, https:\/\/www.terresens.com\/wp-content\/uploads\/2019\/05\/Maquette-C48B-120x60.jpg 120w\" sizes=\"auto, (max-width: 200px) 100vw, 200px\" \/>[\/vc_column_text][\/vc_column][vc_column width=\u00a0\u00bb1\/3&Prime;][vc_btn title=\u00a0\u00bbVisualiser\u00a0\u00bb color=\u00a0\u00bbpink\u00a0\u00bb align=\u00a0\u00bbleft\u00a0\u00bb link=\u00a0\u00bburl:https%3A%2F%2Fwidgets.habiteo.com%2Fplan-3d%3Fid%3D2FSf2ANbQkELyFzFzpBPW7%26key%3D1g5in4DxIwu2Sjc2DJDSHJ||target:%20_blank|\u00a0\u00bb][\/vc_column][\/vc_row][vc_row][vc_column width=\u00a0\u00bb2\/3&Prime;][vc_column_text]<strong>Villa de prestige T4B &#8211; Plan 3D \/ Visite virtuelle<\/strong><\/p>\n<p><img loading=\"lazy\" decoding=\"async\" width=\"200\" height=\"100\" class=\"alignnone size-full wp-image-11756\" src=\"https:\/\/www.terresens.com\/wp-content\/uploads\/2019\/05\/a07B.jpg\" alt=\"\" srcset=\"https:\/\/www.terresens.com\/wp-content\/uploads\/2019\/05\/a07B.jpg 200w, https:\/\/www.terresens.com\/wp-content\/uploads\/2019\/05\/a07B-120x60.jpg 120w\" sizes=\"auto, (max-width: 200px) 100vw, 200px\" \/>[\/vc_column_text][\/vc_column][vc_column width=\u00a0\u00bb1\/3&Prime;][vc_btn title=\u00a0\u00bbVisualiser\u00a0\u00bb color=\u00a0\u00bbpink\u00a0\u00bb align=\u00a0\u00bbleft\u00a0\u00bb link=\u00a0\u00bburl:https%3A%2F%2Fwidgets.habiteo.com%2Fplan-3d%3Fid%3D6o6yRPEaYVQJu0OFkMeJJ3%26key%3D1g5in4DxIwu2Sjc2DJDSHJ||target:%20_blank|\u00a0\u00bb][\/vc_column][\/vc_row][vc_row][vc_column width=\u00a0\u00bb2\/3&Prime;][vc_column_text]<strong>Vid\u00e9o La R\u00e9serve<br \/>\n<\/strong><\/p>\n<p><img loading=\"lazy\" decoding=\"async\" width=\"200\" height=\"100\" class=\"alignnone size-full wp-image-11792\" src=\"https:\/\/www.terresens.com\/wp-content\/uploads\/2019\/05\/video-B.jpg\" alt=\"\" srcset=\"https:\/\/www.terresens.com\/wp-content\/uploads\/2019\/05\/video-B.jpg 200w, https:\/\/www.terresens.com\/wp-content\/uploads\/2019\/05\/video-B-120x60.jpg 120w\" sizes=\"auto, (max-width: 200px) 100vw, 200px\" \/>[\/vc_column_text][\/vc_column][vc_column width=\u00a0\u00bb1\/3&Prime;][vc_btn title=\u00a0\u00bbVisualiser\u00a0\u00bb color=\u00a0\u00bbpink\u00a0\u00bb align=\u00a0\u00bbleft\u00a0\u00bb link=\u00a0\u00bburl:http%3A%2F%2F%E2%80%A2%09https%3A%2F%2Fwww.youtube.com%2Fwatch%3Fv%3DnDvVrEcl0G0%26t%3D1s||target:%20_blank|\u00a0\u00bb][\/vc_column][\/vc_row][vc_row][vc_column width=\u00a0\u00bb2\/3&Prime;][vc_column_text]<strong>Pr\u00e9sentation du groupe Terr\u00e9sens<\/strong><\/p>\n<p><img loading=\"lazy\" decoding=\"async\" width=\"782\" height=\"409\" class=\"alignnone size-full wp-image-11552\" src=\"https:\/\/www.terresens.com\/wp-content\/uploads\/2019\/05\/Plaquette-groupe.jpg\" alt=\"\" srcset=\"https:\/\/www.terresens.com\/wp-content\/uploads\/2019\/05\/Plaquette-groupe.jpg 782w, https:\/\/www.terresens.com\/wp-content\/uploads\/2019\/05\/Plaquette-groupe-250x131.jpg 250w, https:\/\/www.terresens.com\/wp-content\/uploads\/2019\/05\/Plaquette-groupe-768x402.jpg 768w, https:\/\/www.terresens.com\/wp-content\/uploads\/2019\/05\/Plaquette-groupe-700x366.jpg 700w, https:\/\/www.terresens.com\/wp-content\/uploads\/2019\/05\/Plaquette-groupe-120x63.jpg 120w\" sizes=\"auto, (max-width: 782px) 100vw, 782px\" \/>[\/vc_column_text][\/vc_column][vc_column width=\u00a0\u00bb1\/3&Prime;][vc_btn title=\u00a0\u00bbVisualiser\u00a0\u00bb color=\u00a0\u00bbpink\u00a0\u00bb align=\u00a0\u00bbleft\u00a0\u00bb link=\u00a0\u00bburl:https%3A%2F%2Fwww.terresens.com%2Fwp-content%2Fuploads%2F2019%2F02%2FPLAQUETTE-GROUPE-TS-V6BD.pdf||target:%20_blank|\u00a0\u00bb][\/vc_column][\/vc_row][vc_row][vc_column width=\u00a0\u00bb2\/3&Prime;][vc_column_text]<strong>Moodboard<\/strong><\/p>\n<p><img loading=\"lazy\" decoding=\"async\" width=\"200\" height=\"100\" class=\"alignnone size-full wp-image-11798\" src=\"https:\/\/www.terresens.com\/wp-content\/uploads\/2019\/05\/moodboard-B-1.jpg\" alt=\"\" srcset=\"https:\/\/www.terresens.com\/wp-content\/uploads\/2019\/05\/moodboard-B-1.jpg 200w, https:\/\/www.terresens.com\/wp-content\/uploads\/2019\/05\/moodboard-B-1-120x60.jpg 120w\" sizes=\"auto, (max-width: 200px) 100vw, 200px\" \/>[\/vc_column_text][\/vc_column][vc_column width=\u00a0\u00bb1\/3&Prime;][vc_btn title=\u00a0\u00bbVisualiser\u00a0\u00bb color=\u00a0\u00bbpink\u00a0\u00bb align=\u00a0\u00bbleft\u00a0\u00bb link=\u00a0\u00bburl:https%3A%2F%2Fissuu.com%2Fterresens%2Fdocs%2Fmood_resort_comporta_bd_ba30f1db4a2220||target:%20_blank|\u00a0\u00bb][\/vc_column][\/vc_row][vc_row][vc_column][vc_column_text]<\/p>\n<h2><strong>Vous souhaitez plus d\u2019informations ? Contactez-nous !<\/strong><\/h2>\n<p>[\/vc_column_text][\/vc_column][\/vc_row][vc_row][vc_column]<p class=\"wpcf7-contact-form-not-found\"><strong>Erreur\u00a0:<\/strong> Formulaire de contact non trouv\u00e9\u00a0!<\/p>[\/vc_column][\/vc_row]<\/p>\n","protected":false},"excerpt":{"rendered":"[vc_row][vc_column][vc_single_image image=\u00a0\u00bb11429&Prime; img_size=\u00a0\u00bb1800&#215;400&Prime; alignment=\u00a0\u00bbcenter\u00a0\u00bb][\/vc_column][\/vc_row][vc_row][vc_column][vc_column_text] M\u00c9DIATH\u00c8QUE Parce que des images valent mieux qu\u2019un long discours, vous trouverez ci-dessous des visuels sur le programme de LA R\u00c9SERVE (maquettes 3D, plans 3D\u2026.), la plaquette Groupe Terr\u00e9sens ainsi que le moodboard du programme, la vid\u00e9o du programme. Illustrations \u00e0 caract\u00e8re d\u2019ambiance non contractuelles. Se r\u00e9f\u00e9rer \u00e0 la notice descriptive.\u2026","protected":false},"author":18,"featured_media":0,"parent":0,"menu_order":102,"comment_status":"closed","ping_status":"closed","template":"","meta":{"footnotes":""},"class_list":["post-11427","page","type-page","status-publish","hentry"],"acf":[],"_links":{"self":[{"href":"https:\/\/www.terresens.com\/fr\/wp-json\/wp\/v2\/pages\/11427","targetHints":{"allow":["GET"]}}],"collection":[{"href":"https:\/\/www.terresens.com\/fr\/wp-json\/wp\/v2\/pages"}],"about":[{"href":"https:\/\/www.terresens.com\/fr\/wp-json\/wp\/v2\/types\/page"}],"author":[{"embeddable":true,"href":"https:\/\/www.terresens.com\/fr\/wp-json\/wp\/v2\/users\/18"}],"replies":[{"embeddable":true,"href":"https:\/\/www.terresens.com\/fr\/wp-json\/wp\/v2\/comments?post=11427"}],"version-history":[{"count":6,"href":"https:\/\/www.terresens.com\/fr\/wp-json\/wp\/v2\/pages\/11427\/revisions"}],"predecessor-version":[{"id":11814,"href":"https:\/\/www.terresens.com\/fr\/wp-json\/wp\/v2\/pages\/11427\/revisions\/11814"}],"wp:attachment":[{"href":"https:\/\/www.terresens.com\/fr\/wp-json\/wp\/v2\/media?parent=11427"}],"curies":[{"name":"wp","href":"https:\/\/api.w.org\/{rel}","templated":true}]}}