{"id":11378,"date":"2019-05-15T15:37:54","date_gmt":"2019-05-15T14:37:54","guid":{"rendered":"https:\/\/www.terresens.com\/?page_id=11378"},"modified":"2019-05-20T15:19:36","modified_gmt":"2019-05-20T14:19:36","slug":"medias-serre-chevalier","status":"publish","type":"page","link":"https:\/\/www.terresens.com\/fr\/medias-serre-chevalier\/","title":{"rendered":"Page m\u00e9dias Serre-Chevalier"},"content":{"rendered":"<p>[vc_row][vc_column][vc_single_image image=\u00a0\u00bb11386&Prime; img_size=\u00a0\u00bb1800&#215;400&Prime; alignment=\u00a0\u00bbcenter\u00a0\u00bb][\/vc_column][\/vc_row][vc_row][vc_column][vc_column_text]<\/p>\n<h2 style=\"text-align: center;\"><span style=\"color: #444444;\">M\u00c9DIATH\u00c8QUE<\/span><\/h2>\n<p style=\"text-align: center;\">Parce que des images valent mieux qu\u2019un long discours, vous trouverez ci-dessous des visuels sur le programme du CRISTAL LODGE (maquette 3D, visites virtuelles, photos terrain\u2026.), nos r\u00e9alisations (vid\u00e9o), la plaquette Groupe Terr\u00e9sens ainsi que notre book mobilier tendance 2019.<\/p>\n<p style=\"text-align: center;\"><small style=\"text-align: justify;\">Illustrations \u00e0 caract\u00e8re d\u2019ambiance non contractuelles. Se r\u00e9f\u00e9rer \u00e0 la notice descriptive.<\/small><\/p>\n<p>[\/vc_column_text][\/vc_column][\/vc_row][vc_row][vc_column][vc_separator border_width=\u00a0\u00bb3&Prime;][\/vc_column][\/vc_row][vc_row][vc_column][vc_empty_space height=\u00a0\u00bb20px\u00a0\u00bb][\/vc_column][\/vc_row][vc_row][vc_column width=\u00a0\u00bb2\/3&Prime;][vc_column_text]<strong>Maquette<\/strong><\/p>\n<p><img loading=\"lazy\" decoding=\"async\" width=\"200\" height=\"100\" class=\"alignnone size-full wp-image-11691\" src=\"https:\/\/www.terresens.com\/wp-content\/uploads\/2019\/05\/cristal-maquette100x200.jpg\" alt=\"\" srcset=\"https:\/\/www.terresens.com\/wp-content\/uploads\/2019\/05\/cristal-maquette100x200.jpg 200w, https:\/\/www.terresens.com\/wp-content\/uploads\/2019\/05\/cristal-maquette100x200-120x60.jpg 120w\" sizes=\"auto, (max-width: 200px) 100vw, 200px\" \/>[\/vc_column_text][\/vc_column][vc_column width=\u00a0\u00bb1\/3&Prime;][vc_btn title=\u00a0\u00bbVisualiser\u00a0\u00bb color=\u00a0\u00bbmulled-wine\u00a0\u00bb align=\u00a0\u00bbleft\u00a0\u00bb link=\u00a0\u00bburl:https%3A%2F%2Fwidgets.habiteo.com%2Fvue-generale%3Fid%3D2aEjxvwZ3GqrUsmJ1s2yrQ%26language%3Dfr-fr%26key%3D1g5in4DxIwu2Sjc2DJDSHJ||target:%20_blank|\u00a0\u00bb][\/vc_column][\/vc_row][vc_row][vc_column width=\u00a0\u00bb2\/3&Prime;][vc_column_text]<strong>Appartement t\u00e9moin T1 cabine<br \/>\n<\/strong><\/p>\n<p><img loading=\"lazy\" decoding=\"async\" width=\"200\" height=\"100\" class=\"alignnone size-full wp-image-11697\" src=\"https:\/\/www.terresens.com\/wp-content\/uploads\/2019\/05\/cristal-t1c200x100.jpg\" alt=\"\" srcset=\"https:\/\/www.terresens.com\/wp-content\/uploads\/2019\/05\/cristal-t1c200x100.jpg 200w, https:\/\/www.terresens.com\/wp-content\/uploads\/2019\/05\/cristal-t1c200x100-120x60.jpg 120w\" sizes=\"auto, (max-width: 200px) 100vw, 200px\" \/>[\/vc_column_text][\/vc_column][vc_column width=\u00a0\u00bb1\/3&Prime;][vc_btn title=\u00a0\u00bbVisualiser\u00a0\u00bb color=\u00a0\u00bbmulled-wine\u00a0\u00bb align=\u00a0\u00bbleft\u00a0\u00bb link=\u00a0\u00bburl:https%3A%2F%2Fwidgets.habiteo.com%2Fvisite-virtuelle%3Fid%3D6gOluTtjUeJABRKR8mcaHs%26key%3D1g5in4DxIwu2Sjc2DJDSHJ||target:%20_blank|\u00a0\u00bb][\/vc_column][\/vc_row][vc_row][vc_column width=\u00a0\u00bb2\/3&Prime;][vc_column_text]<strong>Appartement t\u00e9moin T4 cabine<br \/>\n<\/strong><\/p>\n<p><img loading=\"lazy\" decoding=\"async\" width=\"200\" height=\"100\" class=\"alignnone size-full wp-image-11685\" src=\"https:\/\/www.terresens.com\/wp-content\/uploads\/2019\/05\/cristal-appart200x100.jpg\" alt=\"\" srcset=\"https:\/\/www.terresens.com\/wp-content\/uploads\/2019\/05\/cristal-appart200x100.jpg 200w, https:\/\/www.terresens.com\/wp-content\/uploads\/2019\/05\/cristal-appart200x100-120x60.jpg 120w\" sizes=\"auto, (max-width: 200px) 100vw, 200px\" \/>[\/vc_column_text][\/vc_column][vc_column width=\u00a0\u00bb1\/3&Prime;][vc_btn title=\u00a0\u00bbVisualiser\u00a0\u00bb color=\u00a0\u00bbmulled-wine\u00a0\u00bb align=\u00a0\u00bbleft\u00a0\u00bb link=\u00a0\u00bburl:https%3A%2F%2Fwidgets.habiteo.com%2Fvisite-virtuelle%3Fid%3D5fZJ2MU87UehUW9RF9Y7rl%26key%3D1g5in4DxIwu2Sjc2DJDSHJ||target:%20_blank|\u00a0\u00bb][\/vc_column][\/vc_row][vc_row][vc_column width=\u00a0\u00bb2\/3&Prime;][vc_column_text]<strong>Vid\u00e9o Le Cristal Lodge<br \/>\n<\/strong><\/p>\n<p><img loading=\"lazy\" decoding=\"async\" width=\"200\" height=\"100\" class=\"alignnone size-full wp-image-11703\" src=\"https:\/\/www.terresens.com\/wp-content\/uploads\/2019\/05\/video200x100.jpg\" alt=\"\" srcset=\"https:\/\/www.terresens.com\/wp-content\/uploads\/2019\/05\/video200x100.jpg 200w, https:\/\/www.terresens.com\/wp-content\/uploads\/2019\/05\/video200x100-120x60.jpg 120w\" sizes=\"auto, (max-width: 200px) 100vw, 200px\" \/>[\/vc_column_text][\/vc_column][vc_column width=\u00a0\u00bb1\/3&Prime;][vc_btn title=\u00a0\u00bbVisualiser\u00a0\u00bb color=\u00a0\u00bbmulled-wine\u00a0\u00bb align=\u00a0\u00bbleft\u00a0\u00bb link=\u00a0\u00bburl:https%3A%2F%2Fwidgets.habiteo.com%2Fvideo-de-quartier%3Fid%3D2aEjxvwZ3GqrUsmJ1s2yrQ%26key%3D1g5in4DxIwu2Sjc2DJDSHJ||target:%20_blank|\u00a0\u00bb][\/vc_column][\/vc_row][vc_row][vc_column width=\u00a0\u00bb2\/3&Prime;][vc_column_text]<strong>Vid\u00e9o des r\u00e9alisations Terr\u00e9sens<\/strong><\/p>\n<p><img loading=\"lazy\" decoding=\"async\" width=\"200\" height=\"100\" class=\"alignnone size-full wp-image-11582\" src=\"https:\/\/www.terresens.com\/wp-content\/uploads\/2019\/05\/video-nos-realisations.jpg\" alt=\"\" srcset=\"https:\/\/www.terresens.com\/wp-content\/uploads\/2019\/05\/video-nos-realisations.jpg 200w, https:\/\/www.terresens.com\/wp-content\/uploads\/2019\/05\/video-nos-realisations-120x60.jpg 120w\" sizes=\"auto, (max-width: 200px) 100vw, 200px\" \/>[\/vc_column_text][\/vc_column][vc_column width=\u00a0\u00bb1\/3&Prime;][vc_btn title=\u00a0\u00bbVisualiser\u00a0\u00bb color=\u00a0\u00bbmulled-wine\u00a0\u00bb align=\u00a0\u00bbleft\u00a0\u00bb link=\u00a0\u00bburl:https%3A%2F%2Fwww.youtube.com%2Fwatch%3Fv%3DbePxM9qlNEE||target:%20_blank|\u00a0\u00bb][\/vc_column][\/vc_row][vc_row][vc_column width=\u00a0\u00bb2\/3&Prime;][vc_column_text]<strong>Pr\u00e9sentation du groupe Terr\u00e9sens<\/strong><\/p>\n<p><img loading=\"lazy\" decoding=\"async\" width=\"782\" height=\"409\" class=\"alignnone size-full wp-image-11552\" src=\"https:\/\/www.terresens.com\/wp-content\/uploads\/2019\/05\/Plaquette-groupe.jpg\" alt=\"\" srcset=\"https:\/\/www.terresens.com\/wp-content\/uploads\/2019\/05\/Plaquette-groupe.jpg 782w, https:\/\/www.terresens.com\/wp-content\/uploads\/2019\/05\/Plaquette-groupe-250x131.jpg 250w, https:\/\/www.terresens.com\/wp-content\/uploads\/2019\/05\/Plaquette-groupe-768x402.jpg 768w, https:\/\/www.terresens.com\/wp-content\/uploads\/2019\/05\/Plaquette-groupe-700x366.jpg 700w, https:\/\/www.terresens.com\/wp-content\/uploads\/2019\/05\/Plaquette-groupe-120x63.jpg 120w\" sizes=\"auto, (max-width: 782px) 100vw, 782px\" \/>[\/vc_column_text][\/vc_column][vc_column width=\u00a0\u00bb1\/3&Prime;][vc_btn title=\u00a0\u00bbVisualiser\u00a0\u00bb color=\u00a0\u00bbmulled-wine\u00a0\u00bb align=\u00a0\u00bbleft\u00a0\u00bb link=\u00a0\u00bburl:https%3A%2F%2Fwww.terresens.com%2Fwp-content%2Fuploads%2F2019%2F02%2FPLAQUETTE-GROUPE-TS-V6BD.pdf||target:%20_blank|\u00a0\u00bb][\/vc_column][\/vc_row][vc_row][vc_column width=\u00a0\u00bb2\/3&Prime;][vc_column_text]<strong>Book mobilier<\/strong><\/p>\n<p><img loading=\"lazy\" decoding=\"async\" width=\"200\" height=\"100\" class=\"alignnone size-full wp-image-11522\" src=\"https:\/\/www.terresens.com\/wp-content\/uploads\/2019\/05\/Book-mobilier.jpg\" alt=\"\" srcset=\"https:\/\/www.terresens.com\/wp-content\/uploads\/2019\/05\/Book-mobilier.jpg 200w, https:\/\/www.terresens.com\/wp-content\/uploads\/2019\/05\/Book-mobilier-120x60.jpg 120w\" sizes=\"auto, (max-width: 200px) 100vw, 200px\" \/>[\/vc_column_text][\/vc_column][vc_column width=\u00a0\u00bb1\/3&Prime;][vc_btn title=\u00a0\u00bbVisualiser\u00a0\u00bb color=\u00a0\u00bbmulled-wine\u00a0\u00bb align=\u00a0\u00bbleft\u00a0\u00bb link=\u00a0\u00bburl:https%3A%2F%2Fwww.terresens.com%2Fwp-content%2Fuploads%2F2019%2F03%2FBOOKMOBILIER2019-planchesBD.pdf||target:%20_blank|\u00a0\u00bb][\/vc_column][\/vc_row][vc_row][vc_column width=\u00a0\u00bb2\/3&Prime;][vc_column_text]<strong>Visuel terrain<br \/>\n<\/strong><\/p>\n<p><img loading=\"lazy\" decoding=\"async\" width=\"200\" height=\"100\" class=\"alignnone size-full wp-image-11709\" src=\"https:\/\/www.terresens.com\/wp-content\/uploads\/2019\/05\/terrain-200x100.jpg\" alt=\"\" srcset=\"https:\/\/www.terresens.com\/wp-content\/uploads\/2019\/05\/terrain-200x100.jpg 200w, https:\/\/www.terresens.com\/wp-content\/uploads\/2019\/05\/terrain-200x100-120x60.jpg 120w\" sizes=\"auto, (max-width: 200px) 100vw, 200px\" \/><\/p>\n<p>&nbsp;<\/p>\n<p>[\/vc_column_text][\/vc_column][vc_column width=\u00a0\u00bb1\/3&Prime;][vc_btn title=\u00a0\u00bbVisualiser\u00a0\u00bb color=\u00a0\u00bbmulled-wine\u00a0\u00bb align=\u00a0\u00bbleft\u00a0\u00bb link=\u00a0\u00bburl:https%3A%2F%2Fwww.youtube.com%2Fwatch%3Fv%3DiJL1XUGiqrM||target:%20_blank|\u00a0\u00bb][\/vc_column][\/vc_row][vc_row][vc_column][vc_column_text]<\/p>\n<h2><strong>Vous souhaitez plus d&rsquo;informations ? Contactez-nous !<\/strong><\/h2>\n<p>[\/vc_column_text]<p class=\"wpcf7-contact-form-not-found\"><strong>Erreur\u00a0:<\/strong> Formulaire de contact non trouv\u00e9\u00a0!<\/p>[\/vc_column][\/vc_row][vc_row][vc_column][\/vc_column][\/vc_row]<\/p>\n","protected":false},"excerpt":{"rendered":"[vc_row][vc_column][vc_single_image image=\u00a0\u00bb11386&Prime; img_size=\u00a0\u00bb1800&#215;400&Prime; alignment=\u00a0\u00bbcenter\u00a0\u00bb][\/vc_column][\/vc_row][vc_row][vc_column][vc_column_text] M\u00c9DIATH\u00c8QUE Parce que des images valent mieux qu\u2019un long discours, vous trouverez ci-dessous des visuels sur le programme du CRISTAL LODGE (maquette 3D, visites virtuelles, photos terrain\u2026.), nos r\u00e9alisations (vid\u00e9o), la plaquette Groupe Terr\u00e9sens ainsi que notre book mobilier tendance 2019. Illustrations \u00e0 caract\u00e8re d\u2019ambiance non contractuelles. Se r\u00e9f\u00e9rer \u00e0 la\u2026","protected":false},"author":18,"featured_media":0,"parent":0,"menu_order":105,"comment_status":"closed","ping_status":"closed","template":"","meta":{"footnotes":""},"class_list":["post-11378","page","type-page","status-publish","hentry"],"acf":[],"_links":{"self":[{"href":"https:\/\/www.terresens.com\/fr\/wp-json\/wp\/v2\/pages\/11378","targetHints":{"allow":["GET"]}}],"collection":[{"href":"https:\/\/www.terresens.com\/fr\/wp-json\/wp\/v2\/pages"}],"about":[{"href":"https:\/\/www.terresens.com\/fr\/wp-json\/wp\/v2\/types\/page"}],"author":[{"embeddable":true,"href":"https:\/\/www.terresens.com\/fr\/wp-json\/wp\/v2\/users\/18"}],"replies":[{"embeddable":true,"href":"https:\/\/www.terresens.com\/fr\/wp-json\/wp\/v2\/comments?post=11378"}],"version-history":[{"count":6,"href":"https:\/\/www.terresens.com\/fr\/wp-json\/wp\/v2\/pages\/11378\/revisions"}],"predecessor-version":[{"id":11717,"href":"https:\/\/www.terresens.com\/fr\/wp-json\/wp\/v2\/pages\/11378\/revisions\/11717"}],"wp:attachment":[{"href":"https:\/\/www.terresens.com\/fr\/wp-json\/wp\/v2\/media?parent=11378"}],"curies":[{"name":"wp","href":"https:\/\/api.w.org\/{rel}","templated":true}]}}