{"id":1126,"date":"2016-04-06T10:59:50","date_gmt":"2016-04-06T09:59:50","guid":{"rendered":"http:\/\/terresens.pilot-in.net\/?page_id=1126"},"modified":"2025-08-22T11:23:12","modified_gmt":"2025-08-22T10:23:12","slug":"gerer-exploiter","status":"publish","type":"page","link":"https:\/\/www.terresens.com\/fr\/le-groupe-2\/gerer-exploiter\/","title":{"rendered":"G\u00e9rer \/ Exploiter"},"content":{"rendered":"<h3 style=\"text-align: justify;\">G\u00e9rer \/ Exploiter<\/h3>\n<p style=\"text-align: justify;\">Notre d\u00e9partement \u00ab\u00a0gestion locative\u00a0\u00bb \u00e9tudie et s\u00e9lectionne en accord avec notre service \u00ab\u00a0d\u00e9veloppement immobilier\u00a0\u00bb l&#8217;emplacement de la future r\u00e9sidence pour garantir une gestion p\u00e9renne et sans-souci.<\/p>\n<p style=\"text-align: justify;\">Au quotidien, notre \u00e9quipe se charge, pour le compte des propri\u00e9taires qui le d\u00e9sirent, de l&rsquo;int\u00e9gralit\u00e9 des taches n\u00e9cessaires \u00e0 la mise en location de leur bien. Elle participe ainsi \u00e0 la r\u00e9ussite locative en mettant tout en \u0153uvre pour satisfaire nos propri\u00e9taires et nos clients vacanciers.<\/p>\n","protected":false},"excerpt":{"rendered":"G\u00e9rer \/ Exploiter Notre d\u00e9partement \u00ab\u00a0gestion locative\u00a0\u00bb \u00e9tudie et s\u00e9lectionne en accord avec notre service \u00ab\u00a0d\u00e9veloppement immobilier\u00a0\u00bb l&#8217;emplacement de la future r\u00e9sidence pour garantir une gestion p\u00e9renne et sans-souci. Au quotidien, notre \u00e9quipe se charge, pour le compte des propri\u00e9taires qui le d\u00e9sirent, de l&rsquo;int\u00e9gralit\u00e9 des taches n\u00e9cessaires \u00e0 la mise en location de leur\u2026","protected":false},"author":18,"featured_media":1127,"parent":12,"menu_order":53,"comment_status":"closed","ping_status":"closed","template":"","meta":{"footnotes":""},"class_list":["post-1126","page","type-page","status-publish","has-post-thumbnail","hentry"],"acf":[],"_links":{"self":[{"href":"https:\/\/www.terresens.com\/fr\/wp-json\/wp\/v2\/pages\/1126","targetHints":{"allow":["GET"]}}],"collection":[{"href":"https:\/\/www.terresens.com\/fr\/wp-json\/wp\/v2\/pages"}],"about":[{"href":"https:\/\/www.terresens.com\/fr\/wp-json\/wp\/v2\/types\/page"}],"author":[{"embeddable":true,"href":"https:\/\/www.terresens.com\/fr\/wp-json\/wp\/v2\/users\/18"}],"replies":[{"embeddable":true,"href":"https:\/\/www.terresens.com\/fr\/wp-json\/wp\/v2\/comments?post=1126"}],"version-history":[{"count":5,"href":"https:\/\/www.terresens.com\/fr\/wp-json\/wp\/v2\/pages\/1126\/revisions"}],"predecessor-version":[{"id":34370,"href":"https:\/\/www.terresens.com\/fr\/wp-json\/wp\/v2\/pages\/1126\/revisions\/34370"}],"up":[{"embeddable":true,"href":"https:\/\/www.terresens.com\/fr\/wp-json\/wp\/v2\/pages\/12"}],"wp:featuredmedia":[{"embeddable":true,"href":"https:\/\/www.terresens.com\/fr\/wp-json\/wp\/v2\/media\/1127"}],"wp:attachment":[{"href":"https:\/\/www.terresens.com\/fr\/wp-json\/wp\/v2\/media?parent=1126"}],"curies":[{"name":"wp","href":"https:\/\/api.w.org\/{rel}","templated":true}]}}