{"id":1116,"date":"2016-04-06T10:48:15","date_gmt":"2016-04-06T09:48:15","guid":{"rendered":"http:\/\/terresens.pilot-in.net\/?page_id=1116"},"modified":"2025-08-22T10:50:20","modified_gmt":"2025-08-22T09:50:20","slug":"commercialiser","status":"publish","type":"page","link":"https:\/\/www.terresens.com\/fr\/le-groupe-2\/commercialiser\/","title":{"rendered":"Commercialiser"},"content":{"rendered":"<p style=\"text-align: justify;\">[vc_row][vc_column][vc_column_text]<\/p>\n<h3 style=\"text-align: justify;\">Commercialiser<\/h3>\n<p style=\"text-align: justify;\">Immo\u00e9, filiale du groupe Terr\u00e9sens, commercialise, aupr\u00e8s de notre client\u00e8le fran\u00e7aise et internationale, une offre immobili\u00e8re haut de gamme et clefs en main, pour qui recherche une r\u00e9sidence de prestige sur un emplacement de qualit\u00e9 dans les Alpes.<\/p>\n<p style=\"text-align: justify;\">Certaines de nos r\u00e9alisations proposent au sein de la r\u00e9sidence un espace bien-\u00eatre (avec piscine, spa, sauna&#8230;) ainsi qu&rsquo;un service de conciergerie<\/p>\n<p style=\"text-align: justify;\">Pour cette mission de ventes et de conseils, nous op\u00e9rons avec nos propres conseillers.[\/vc_column_text][\/vc_column][\/vc_row]<\/p>\n","protected":false},"excerpt":{"rendered":"[vc_row][vc_column][vc_column_text] Commercialiser Immo\u00e9, filiale du groupe Terr\u00e9sens, commercialise, aupr\u00e8s de notre client\u00e8le fran\u00e7aise et internationale, une offre immobili\u00e8re haut de gamme et clefs en main, pour qui recherche une r\u00e9sidence de prestige sur un emplacement de qualit\u00e9 dans les Alpes. Certaines de nos r\u00e9alisations proposent au sein de la r\u00e9sidence un espace bien-\u00eatre (avec piscine,\u2026","protected":false},"author":18,"featured_media":1123,"parent":12,"menu_order":20,"comment_status":"closed","ping_status":"closed","template":"","meta":{"footnotes":""},"class_list":["post-1116","page","type-page","status-publish","has-post-thumbnail","hentry"],"acf":[],"_links":{"self":[{"href":"https:\/\/www.terresens.com\/fr\/wp-json\/wp\/v2\/pages\/1116","targetHints":{"allow":["GET"]}}],"collection":[{"href":"https:\/\/www.terresens.com\/fr\/wp-json\/wp\/v2\/pages"}],"about":[{"href":"https:\/\/www.terresens.com\/fr\/wp-json\/wp\/v2\/types\/page"}],"author":[{"embeddable":true,"href":"https:\/\/www.terresens.com\/fr\/wp-json\/wp\/v2\/users\/18"}],"replies":[{"embeddable":true,"href":"https:\/\/www.terresens.com\/fr\/wp-json\/wp\/v2\/comments?post=1116"}],"version-history":[{"count":10,"href":"https:\/\/www.terresens.com\/fr\/wp-json\/wp\/v2\/pages\/1116\/revisions"}],"predecessor-version":[{"id":34367,"href":"https:\/\/www.terresens.com\/fr\/wp-json\/wp\/v2\/pages\/1116\/revisions\/34367"}],"up":[{"embeddable":true,"href":"https:\/\/www.terresens.com\/fr\/wp-json\/wp\/v2\/pages\/12"}],"wp:featuredmedia":[{"embeddable":true,"href":"https:\/\/www.terresens.com\/fr\/wp-json\/wp\/v2\/media\/1123"}],"wp:attachment":[{"href":"https:\/\/www.terresens.com\/fr\/wp-json\/wp\/v2\/media?parent=1116"}],"curies":[{"name":"wp","href":"https:\/\/api.w.org\/{rel}","templated":true}]}}