{"id":1111,"date":"2016-04-06T10:40:03","date_gmt":"2016-04-06T09:40:03","guid":{"rendered":"http:\/\/terresens.pilot-in.net\/?page_id=1111"},"modified":"2016-04-29T10:18:56","modified_gmt":"2016-04-29T09:18:56","slug":"concevoir-construire","status":"publish","type":"page","link":"https:\/\/www.terresens.com\/fr\/le-groupe-2\/concevoir-construire\/","title":{"rendered":"Concevoir \/ Construire"},"content":{"rendered":"<h3>Concevoir \/ Construire<\/h3>\n<p>Notre Groupe intervient d\u00e8s la d\u00e9tection d\u2019un foncier. Apr\u00e8s une \u00e9tude r\u00e9alis\u00e9e par notre service d\u00e9veloppement, nous s\u00e9lectionnons rigoureusement les emplacements. Ce choix est capital puisqu\u2019il est gage du meilleur investissement\u00a0:\u00a0\u00ab\u00a0L\u2019emplacement, l\u2019emplacement et encore l\u2019emplacement\u00a0\u00bb telle est notre devise.<\/p>\n<p>Nous validons ensuite les \u00e9tapes suivantes\u00a0: les \u00e9tudes de march\u00e9 du produit, le benchmark mais \u00e9galement la conception du projet avec les architectes, notre service gestion et les \u00e9quipes du futur exploitant.<\/p>\n<p>Pour la construction des r\u00e9sidences, nous intervenons en tant que promoteur \/co-promoteur immobilier, ou encore en assistant maitrise d\u2019ouvrage.<\/p>\n","protected":false},"excerpt":{"rendered":"Concevoir \/ Construire Notre Groupe intervient d\u00e8s la d\u00e9tection d\u2019un foncier. Apr\u00e8s une \u00e9tude r\u00e9alis\u00e9e par notre service d\u00e9veloppement, nous s\u00e9lectionnons rigoureusement les emplacements. Ce choix est capital puisqu\u2019il est gage du meilleur investissement\u00a0:\u00a0\u00ab\u00a0L\u2019emplacement, l\u2019emplacement et encore l\u2019emplacement\u00a0\u00bb telle est notre devise. Nous validons ensuite les \u00e9tapes suivantes\u00a0: les \u00e9tudes de march\u00e9 du produit, le\u2026","protected":false},"author":18,"featured_media":1125,"parent":12,"menu_order":25,"comment_status":"closed","ping_status":"closed","template":"","meta":{"footnotes":""},"class_list":["post-1111","page","type-page","status-publish","has-post-thumbnail","hentry"],"acf":[],"_links":{"self":[{"href":"https:\/\/www.terresens.com\/fr\/wp-json\/wp\/v2\/pages\/1111","targetHints":{"allow":["GET"]}}],"collection":[{"href":"https:\/\/www.terresens.com\/fr\/wp-json\/wp\/v2\/pages"}],"about":[{"href":"https:\/\/www.terresens.com\/fr\/wp-json\/wp\/v2\/types\/page"}],"author":[{"embeddable":true,"href":"https:\/\/www.terresens.com\/fr\/wp-json\/wp\/v2\/users\/18"}],"replies":[{"embeddable":true,"href":"https:\/\/www.terresens.com\/fr\/wp-json\/wp\/v2\/comments?post=1111"}],"version-history":[{"count":3,"href":"https:\/\/www.terresens.com\/fr\/wp-json\/wp\/v2\/pages\/1111\/revisions"}],"predecessor-version":[{"id":1119,"href":"https:\/\/www.terresens.com\/fr\/wp-json\/wp\/v2\/pages\/1111\/revisions\/1119"}],"up":[{"embeddable":true,"href":"https:\/\/www.terresens.com\/fr\/wp-json\/wp\/v2\/pages\/12"}],"wp:featuredmedia":[{"embeddable":true,"href":"https:\/\/www.terresens.com\/fr\/wp-json\/wp\/v2\/media\/1125"}],"wp:attachment":[{"href":"https:\/\/www.terresens.com\/fr\/wp-json\/wp\/v2\/media?parent=1111"}],"curies":[{"name":"wp","href":"https:\/\/api.w.org\/{rel}","templated":true}]}}