{"id":18544,"date":"2021-01-29T17:05:37","date_gmt":"2021-01-29T16:05:37","guid":{"rendered":"https:\/\/www.terresens.com\/?page_id=18544"},"modified":"2022-06-02T15:08:53","modified_gmt":"2022-06-02T14:08:53","slug":"our-achievements","status":"publish","type":"page","link":"https:\/\/www.terresens.com\/en\/our-achievements\/","title":{"rendered":"Our achievements"},"content":{"rendered":"<header class=\"page-header\">\n<div class=\"taxonomy-description\">\n<p style=\"text-align: justify;\">You will find below examples of our achievements. For these residences, Terr\u00e9sens intervened at all the stages of the projects: from the development, to construction and sales of apartments.<\/p>\n<p style=\"text-align: justify;\">For owners who want it, <strong><a href=\"http:\/\/terresens-msh.com\">Terr\u00e9sens-H\u00f4tels &amp; R\u00e9sidences,<\/a> <\/strong>(<strong>subsidiary\u2019s Group) manages the seasonal rental of their apartments. <\/strong><\/p>\n<p style=\"text-align: justify;\">Terr\u00e9sens team of interior designers focus on creating spaces that reflect our company values and identity. Particular care is taking when decorating the common areas and the designer furniture and woven fabrics greatly enhance the shared spaces.<\/p>\n<p style=\"text-align: justify;\">We continue to source <strong>moutain furniture<\/strong> that our clients are fond of, but we also add a fresh <strong>modern touch<\/strong>. Natural materials, such a stone, wood and slate give the space a homely atmosphere.<\/p>\n<p style=\"text-align: justify;\">For \u00a0the sea side programs, we focus on the exteriors: swimming pool, landscaped gardens, brazier &#8230; For the interiors, we favor the alchemy of clean lines and &#8220;vintage&#8221; touches, for an ethnic, bohemian chic spirit.<\/p>\n<p style=\"text-align: justify;\">We carefully select timeless materials, which are also of <strong>very high quality.<\/strong> Our teams carefully blend tones and materials to make sure that every detail in our residences and aparthotels is unique.<\/p>\n<p style=\"text-align: justify;\">The apartments within the aparthotels or residences are <strong>perfectly equipped<\/strong> to meet all of our guests\u2019 needs. From the choice of site to decorating the interior, everything is designed to <strong>maximize client satisfaction and well-being<\/strong>.<\/p>\n<\/div>\n<\/header>\n","protected":false},"excerpt":{"rendered":"You will find below examples of our achievements. For these residences, Terr\u00e9sens intervened at all the stages of the projects: from the development, to construction and sales of apartments. For owners who want it, Terr\u00e9sens-H\u00f4tels &amp; R\u00e9sidences, (subsidiary\u2019s Group) manages the seasonal rental of their apartments. Terr\u00e9sens team of interior designers focus on creating spaces&hellip;","protected":false},"author":18,"featured_media":0,"parent":0,"menu_order":80,"comment_status":"closed","ping_status":"closed","template":"template-realisation.php","meta":{"footnotes":""},"class_list":["post-18544","page","type-page","status-publish","hentry"],"acf":[],"_links":{"self":[{"href":"https:\/\/www.terresens.com\/en\/wp-json\/wp\/v2\/pages\/18544","targetHints":{"allow":["GET"]}}],"collection":[{"href":"https:\/\/www.terresens.com\/en\/wp-json\/wp\/v2\/pages"}],"about":[{"href":"https:\/\/www.terresens.com\/en\/wp-json\/wp\/v2\/types\/page"}],"author":[{"embeddable":true,"href":"https:\/\/www.terresens.com\/en\/wp-json\/wp\/v2\/users\/18"}],"replies":[{"embeddable":true,"href":"https:\/\/www.terresens.com\/en\/wp-json\/wp\/v2\/comments?post=18544"}],"version-history":[{"count":15,"href":"https:\/\/www.terresens.com\/en\/wp-json\/wp\/v2\/pages\/18544\/revisions"}],"predecessor-version":[{"id":24030,"href":"https:\/\/www.terresens.com\/en\/wp-json\/wp\/v2\/pages\/18544\/revisions\/24030"}],"wp:attachment":[{"href":"https:\/\/www.terresens.com\/en\/wp-json\/wp\/v2\/media?parent=18544"}],"curies":[{"name":"wp","href":"https:\/\/api.w.org\/{rel}","templated":true}]}}